{"id":4,"date":"2013-03-15T12:36:27","date_gmt":"2013-03-15T12:36:27","guid":{"rendered":"http:\/\/lawyers-attorneys.vamtam.com\/?page_id=4"},"modified":"2025-10-24T10:48:35","modified_gmt":"2025-10-24T09:48:35","slug":"home","status":"publish","type":"page","link":"https:\/\/netvert-verbund.de\/","title":{"rendered":"Home"},"content":{"rendered":"<div class=\"row \"><div class=\"wpv-grid grid-1-1 move-into-slider add-border wpv-first-level first has-background unextended\" style=\"background-color:#ffffff;padding-top:20px;padding-bottom:20px\" id=\"intro\" ><style>#intro p,#intro em,#intro .column-title,#intro .sep-text h2.regular-title-wrapper,#intro .text-divider-double,#intro .sep-text .sep-text-line,#intro .sep,#intro .sep-2,#intro .sep-3,#intro td,#intro th,#intro caption{color:#808080;}#intro:before{background-color:transparent;}<\/style><div class=\"row \"><div class=\"wpv-grid grid-1-4  first unextended animation-from-bottom animated-active\" style=\"padding-top:0px;padding-bottom:0px\" id=\"wpv-column-313d6a9207aa56955505bdb4c078daa8\" ><div class=\"row \"><div class=\"wpv-grid grid-1-1  first unextended\" style=\"padding-top:0px;padding-bottom:0px\" id=\"wpv-column-1370b8983a2609171b3463dd166ec424\" ><div class=\"wpv-progress number\" data-number=\"200\" style=\"color:#4a4f55\">&gt;<span>0<\/span>Jahre<\/div><\/div><\/div>\n<div class=\"row \"><div class=\"wpv-grid grid-1-1  first unextended\" style=\"padding-top:0px;padding-bottom:0px\" id=\"wpv-column-91254f60ead2fab1216670561eb9a08e\" ><h5 style=\"text-align: center;\"><span class=\"accent-1\">ERFAHRUNG<\/span><\/h5><\/div><\/div><\/div>\n<div class=\"wpv-grid grid-1-4  unextended animation-from-bottom animated-active\" style=\"padding-top:0px;padding-bottom:0px\" id=\"wpv-column-5d102dbcb94cf1f7e263f97d976a419e\" ><div class=\"row \"><div class=\"wpv-grid grid-1-1  first unextended\" style=\"padding-top:0px;padding-bottom:0px\" id=\"wpv-column-21cd3c6066282fbead39fcabcd18ed4a\" ><div class=\"wpv-progress number\" data-number=\"500\" style=\"color:#4a4f55\">&gt;<span>0<\/span>qualifizierte<\/div><\/div><\/div>\n<div class=\"row \"><div class=\"wpv-grid grid-1-1  first unextended\" style=\"padding-top:0px;padding-bottom:0px\" id=\"wpv-column-8940cfcabf2c5110c778d7154944126b\" ><h5 style=\"text-align: center;\"><span class=\"accent-1\">MITARBEITER<\/span><\/h5><\/div><\/div><\/div>\n<div class=\"wpv-grid grid-1-4  unextended animation-from-bottom animated-active\" style=\"padding-top:0px;padding-bottom:0px\" id=\"wpv-column-adda57c0acc90444b6c9639b681836ca\" ><div class=\"row \"><div class=\"wpv-grid grid-1-1  first unextended\" style=\"padding-top:0px;padding-bottom:0px\" id=\"wpv-column-7cfba38342966af8d0078a2b7f1c14f3\" ><div class=\"wpv-progress number\" data-number=\"50\" style=\"color:#4a4f55\">&gt;<span>0<\/span>Millionen \u20ac<\/div><\/div><\/div>\n<div class=\"row \"><div class=\"wpv-grid grid-1-1  first unextended\" style=\"padding-top:0px;padding-bottom:0px\" id=\"wpv-column-ee44b4521a5e29a70343b4c3c8e39f3a\" ><h5 style=\"text-align: center;\"><span class=\"accent-1\">JAHRESUMSATZ<\/span><\/h5><\/div><\/div><\/div>\n<div class=\"wpv-grid grid-1-4  unextended animation-from-bottom animated-active\" style=\"padding-top:0px;padding-bottom:0px\" id=\"wpv-column-bf51c821bf92615eedf66179f766c5f3\" ><div class=\"row \"><div class=\"wpv-grid grid-1-1  first unextended\" style=\"padding-top:0px;padding-bottom:0px\" id=\"wpv-column-4ebdb04ca7e5525b12ccdb1fa19c0679\" ><div class=\"wpv-progress number\" data-number=\"50\" style=\"color:#4a4f55\">&gt;<span>0<\/span>.000 qm<\/div><\/div><\/div>\n<div class=\"row \"><div class=\"wpv-grid grid-1-1  first unextended\" style=\"padding-top:0px;padding-bottom:0px\" id=\"wpv-column-33ff831826af68e84c679d7a308ce544\" ><h5 style=\"text-align: center;\"><span class=\"accent-1\">LAGER- UND PRODUKTIONSFL\u00c4CHE<\/span><\/h5><\/div><\/div><\/div><\/div><\/div><\/div>\n<div class=\"push\" style='height:50px'><\/div>\n<div class=\"row \"><div class=\"wpv-grid grid-1-1  wpv-first-level first unextended animation-fade-in animated-active\" style=\"padding-top:0px;padding-bottom:0px\" id=\"wpv-column-b2ac508d6dc80de77c72356e058bbbb9\" >\t\t<h2 class=\"text-divider-double\">\t\t\t\n\u00dcBER NETVERT<br \/>\n\t\t<\/h2>\t\t<div class=\"sep\"><\/div>\t<\/div><\/div>\n<div class=\"row \"><div class=\"wpv-grid grid-1-1  wpv-first-level first unextended animation-from-bottom animated-active\" style=\"padding-top:0px;padding-bottom:0px\" id=\"wpv-column-3659308497957e88a8d91d6a66347628\" ><p style=\"text-align: center;\">Netvert ist ein Verbund selbst\u00e4ndiger Gesellschaften. \u2028Neben dem Engagement in Beteiligungsgesellschaften geh\u00f6rt auch die kompetente Bearbeitung anspruchsvoller Aufgabenstellungen zum Portfolio des Netvert-Verbundes. Diese reichen aktuell von der Elektronik \u00fcber die Metallbearbeitung bis hin zur Oberfl\u00e4chenveredlung. Auf dieser Seite werden einige der Verbundpartner vorgestellt.<\/p>\n<p class=\"p1\" style=\"text-align: center;\"><a href=\"mailto:daniel.trutwin@netvert-verbund.de\">\u2014 DANIEL TRUTWIN<\/a><\/div><\/div>\n<div class=\"row \"><div class=\"wpv-grid grid-1-1  wpv-first-level first unextended animation-fade-in animated-active\" style=\"padding-top:0px;padding-bottom:0px\" id=\"wpv-column-765974f0046004747eacdeaffe6fa771\" >\t\t<h2 class=\"text-divider-double\">\t\t\t\nUNSERE KOMPETENZEN\t\t<\/h2>\t\t<div class=\"sep\"><\/div>\t<\/div><\/div>\n<div class=\"row \"><div class=\"wpv-grid grid-1-1  wpv-first-level first unextended animation-from-bottom animated-active\" style=\"padding-top:0px;padding-bottom:0px\" id=\"wpv-column-878bd93e1aa4160653a3224d06f6e8bb\" ><p style=\"text-align: center;\">Beratung<\/p>\n<p style=\"text-align: center;\">Beteiligungen<\/p>\n<p style=\"text-align: center;\">Finanzierungen<\/p>\n<p style=\"text-align: center;\">Sanierung<\/p>\n<p style=\"text-align: center;\">Industrielle Dienstleistungen (siehe Portfolio)<\/div><\/div>\n<div class=\"row \"><div class=\"wpv-grid grid-1-1  wpv-first-level first unextended animation-fade-in animated-active\" style=\"padding-top:0px;padding-bottom:0px\" id=\"wpv-column-26cbddca9b845424517cda5f37e8aec9\" >\t\t<h2 class=\"text-divider-double\">\t\t\t\n\t\t<\/h2>\t\t<div class=\"sep\"><\/div>\t<\/div><\/div>\n<div class=\"row \"><div class=\"wpv-grid grid-1-4  wpv-first-level first unextended animation-from-bottom animated-active\" style=\"padding-top:0px;padding-bottom:0px\" id=\"wpv-column-735bbd7064011d4e13f3195f9d6e2e0d\" ><div class=\"services clearfix fullimage has-image has-icon has-button \" style=\"text-align:left;\">\r\n\t<div class=\"services-inside\">\r\n\t\t\t\t\t\t\t\t\t<div class=\"thumbnail\">\r\n\t\t\t\t\t\t\t\t\t\t\t<a href=\"https:\/\/www.netvert-verbund.de\/index.php\/mwg-gruppe\/\" title=\"MWG-Gruppe\" class=\"has-border\">\r\n\t\t\t\t\t\t\t\t\t\t\t\t\t\t\t\t\t\t<img decoding=\"async\" src=\"https:\/\/www.netvert-verbund.de\/wp-content\/uploads\/2013\/03\/mwg_netvert_macovision_logo_60x60.png\" alt=\"\" \/>\t\t\t\t\t\t\t\t\t\t\t\t\t\t\t\t\t<\/a>\r\n\t\t\t\t\t\t\t\t\t<\/div>\r\n\t\t\t\t\t\t\t\t\t<div class=\"sep-2\"><\/div>\r\n\t\t\t\t\t\t\t\t\t\t\t\t\t\t<h4 class=\"services-title\">\r\n\t\t\t\t\t\t\t\t\t<a href=\"https:\/\/www.netvert-verbund.de\/index.php\/mwg-gruppe\/\" title=\"MWG-Gruppe\">MWG-Gruppe<\/a>\r\n\t\t\t\t\t\t\t<\/h4>\r\n\t\t\t\t\t\t\t<div class=\"services-content\">\nDie MWG-Gruppe ist ein konzernunabh\u00e4ngiges, eigent\u00fcmergef\u00fchrtes mittelst\u00e4ndisches Unternehmen, das sich seit \u00fcber 90 Jahren auf die hochwertige Veredlung von Oberfl\u00e4chen spezialisiert.<\/div>\r\n\t\t\t\t\t\t\t<div class=\"services-button-wrap\">\r\n\t\t\t\t<a href=\"https:\/\/www.netvert-verbund.de\/index.php\/mwg-gruppe\/\"><span class=\"btext\">Weitere Informationen \u2192<\/span><\/a>\r\n\t\t\t<\/div>\r\n\t\t\t<\/div>\r\n<\/div>\r\n<\/div>\n<div class=\"wpv-grid grid-1-4  wpv-first-level unextended animation-from-bottom animated-active\" style=\"padding-top:0px;padding-bottom:0px\" id=\"wpv-column-0f0a97c0c8402047f7bf90854961aaf5\" ><div class=\"services clearfix fullimage has-image has-icon has-button \" style=\"text-align:left;\">\r\n\t<div class=\"services-inside\">\r\n\t\t\t\t\t\t\t\t\t<div class=\"thumbnail\">\r\n\t\t\t\t\t\t\t\t\t\t\t<a href=\"https:\/\/www.netvert-verbund.de\/index.php\/micronex-gmbh\/\" title=\"micronex GmbH\" class=\"has-border\">\r\n\t\t\t\t\t\t\t\t\t\t\t\t\t\t\t\t\t\t<img decoding=\"async\" src=\"https:\/\/www.netvert-verbund.de\/wp-content\/uploads\/2013\/03\/micronex_netvert_macovision_logo_60x60.png\" alt=\"\" \/>\t\t\t\t\t\t\t\t\t\t\t\t\t\t\t\t\t<\/a>\r\n\t\t\t\t\t\t\t\t\t<\/div>\r\n\t\t\t\t\t\t\t\t\t<div class=\"sep-2\"><\/div>\r\n\t\t\t\t\t\t\t\t\t\t\t\t\t\t<h4 class=\"services-title\">\r\n\t\t\t\t\t\t\t\t\t<a href=\"https:\/\/www.netvert-verbund.de\/index.php\/micronex-gmbh\/\" title=\"micronex GmbH\">micronex GmbH<\/a>\r\n\t\t\t\t\t\t\t<\/h4>\r\n\t\t\t\t\t\t\t<div class=\"services-content\">\nDie micronex GmbH geh\u00f6rt zu den gro\u00dfen Fertigungsdienstleistern f\u00fcr elektronische Komponenten in Deutschland.<\/div>\r\n\t\t\t\t\t\t\t<div class=\"services-button-wrap\">\r\n\t\t\t\t<a href=\"https:\/\/www.netvert-verbund.de\/index.php\/micronex-gmbh\/\"><span class=\"btext\">Weitere Informationen \u2192<\/span><\/a>\r\n\t\t\t<\/div>\r\n\t\t\t<\/div>\r\n<\/div>\r\n<\/div>\n<div class=\"wpv-grid grid-1-4  wpv-first-level unextended animation-from-bottom animated-active\" style=\"padding-top:0px;padding-bottom:0px\" id=\"wpv-column-b2d8fa029561d8ce295ae1b874e3a072\" ><div class=\"services clearfix fullimage has-image has-icon has-button \" style=\"text-align:left;\">\r\n\t<div class=\"services-inside\">\r\n\t\t\t\t\t\t\t\t\t<div class=\"thumbnail\">\r\n\t\t\t\t\t\t\t\t\t\t\t<a href=\"https:\/\/www.netvert-verbund.de\/index.php\/metalution-gmbh\/\" title=\"metalution GmbH\" class=\"has-border\">\r\n\t\t\t\t\t\t\t\t\t\t\t\t\t\t\t\t\t\t<img decoding=\"async\" src=\"https:\/\/www.netvert-verbund.de\/wp-content\/uploads\/2013\/03\/metalution_netvert_macovision_logo_60x60.png\" alt=\"\" \/>\t\t\t\t\t\t\t\t\t\t\t\t\t\t\t\t\t<\/a>\r\n\t\t\t\t\t\t\t\t\t<\/div>\r\n\t\t\t\t\t\t\t\t\t<div class=\"sep-2\"><\/div>\r\n\t\t\t\t\t\t\t\t\t\t\t\t\t\t<h4 class=\"services-title\">\r\n\t\t\t\t\t\t\t\t\t<a href=\"https:\/\/www.netvert-verbund.de\/index.php\/metalution-gmbh\/\" title=\"metalution GmbH\">metalution GmbH<\/a>\r\n\t\t\t\t\t\t\t<\/h4>\r\n\t\t\t\t\t\t\t<div class=\"services-content\">\nDie metalution GmbH hat eine \u00fcber 30-j\u00e4hrige Tradition als zuverl\u00e4ssiger Partner in der Zerspanungstechnik f\u00fcr h\u00f6chste Anspr\u00fcche an Qualit\u00e4t und Zuverl\u00e4ssigkeit.<\/div>\r\n\t\t\t\t\t\t\t<div class=\"services-button-wrap\">\r\n\t\t\t\t<a href=\"https:\/\/www.netvert-verbund.de\/index.php\/metalution-gmbh\/\"><span class=\"btext\">Weitere Informationen \u2192<\/span><\/a>\r\n\t\t\t<\/div>\r\n\t\t\t<\/div>\r\n<\/div>\r\n<\/div>\n<div class=\"wpv-grid grid-1-4  wpv-first-level unextended animation-from-bottom animated-active\" style=\"padding-top:0px;padding-bottom:0px\" id=\"wpv-column-150ddc8918638a51b037d84dc46f14eb\" ><div class=\"services clearfix fullimage has-image has-icon has-button \" style=\"text-align:left;\">\r\n\t<div class=\"services-inside\">\r\n\t\t\t\t\t\t\t\t\t<div class=\"thumbnail\">\r\n\t\t\t\t\t\t\t\t\t\t\t<a href=\"https:\/\/www.netvert-verbund.de\/index.php\/seraplant\/\" title=\"Kothe Pulverbeschichtung GmbH\" class=\"has-border\">\r\n\t\t\t\t\t\t\t\t\t\t\t\t\t\t\t\t\t\t<img loading=\"lazy\" decoding=\"async\" width=\"290\" height=\"52\" src=\"https:\/\/netvert-verbund.de\/wp-content\/uploads\/2025\/10\/Logo_Kothe-Pulverbeschichtung-GmbH-e1761297799378.png\" class=\"attachment-full size-full\" alt=\"\" \/>\t\t\t\t\t\t\t\t\t\t\t\t\t\t\t\t\t<\/a>\r\n\t\t\t\t\t\t\t\t\t<\/div>\r\n\t\t\t\t\t\t\t\t\t<div class=\"sep-2\"><\/div>\r\n\t\t\t\t\t\t\t\t\t\t\t\t\t\t<h4 class=\"services-title\">\r\n\t\t\t\t\t\t\t\t\t<a href=\"https:\/\/www.netvert-verbund.de\/index.php\/seraplant\/\" title=\"Kothe Pulverbeschichtung GmbH\">Kothe Pulverbeschichtung GmbH<\/a>\r\n\t\t\t\t\t\t\t<\/h4>\r\n\t\t\t\t\t\t\t<div class=\"services-content\">\n<p>Mit ihren \u00fcber 60 engagierten Mitarbeiterinnen und Mitarbeitern steht die Kothe Pulverbeschichtung GmbH f\u00fcr Tradition, Qualit\u00e4t und Innovation im Bereich der Oberfl\u00e4chenveredlung und Pulverbeschichtung.<\/div>\r\n\t\t\t\t\t\t\t<div class=\"services-button-wrap\">\r\n\t\t\t\t<a href=\"https:\/\/www.netvert-verbund.de\/index.php\/seraplant\/\"><span class=\"btext\">Weitere Informationen \u2192<\/span><\/a>\r\n\t\t\t<\/div>\r\n\t\t\t<\/div>\r\n<\/div>\r\n<\/div><\/div>\n<div class=\"row \"><div class=\"wpv-grid grid-1-4  wpv-first-level first unextended animation-from-bottom animated-active\" style=\"padding-top:0px;padding-bottom:0px\" id=\"wpv-column-c3e9bfd796e360def74e28cdce3ff105\" ><div class=\"services clearfix fullimage has-image has-icon has-button \" style=\"text-align:left;\">\r\n\t<div class=\"services-inside\">\r\n\t\t\t\t\t\t\t\t\t<div class=\"thumbnail\">\r\n\t\t\t\t\t\t\t\t\t\t\t<a href=\"https:\/\/www.netvert-verbund.de\/index.php\/mfg-mons-ferreus-gmbh\/\" title=\"MFG Mons Ferreus GmbH\" class=\"has-border\">\r\n\t\t\t\t\t\t\t\t\t\t\t\t\t\t\t\t\t\t<img decoding=\"async\" src=\"https:\/\/www.netvert-verbund.de\/wp-content\/uploads\/2017\/03\/monsferreus_macovision_logo_header-1-e1488553544847.jpg\" alt=\"\" \/>\t\t\t\t\t\t\t\t\t\t\t\t\t\t\t\t\t<\/a>\r\n\t\t\t\t\t\t\t\t\t<\/div>\r\n\t\t\t\t\t\t\t\t\t<div class=\"sep-2\"><\/div>\r\n\t\t\t\t\t\t\t\t\t\t\t\t\t\t<h4 class=\"services-title\">\r\n\t\t\t\t\t\t\t\t\t<a href=\"https:\/\/www.netvert-verbund.de\/index.php\/mfg-mons-ferreus-gmbh\/\" title=\"MFG Mons Ferreus GmbH\">MFG Mons Ferreus GmbH<\/a>\r\n\t\t\t\t\t\t\t<\/h4>\r\n\t\t\t\t\t\t\t<div class=\"services-content\">\nDie\u00a0MFG\u00a0Mons Ferreus GmbH\u00a0ist eine unternehmergef\u00fchrte Beratungs- und Beteiligungsgesellschaft.<\/div>\r\n\t\t\t\t\t\t\t<div class=\"services-button-wrap\">\r\n\t\t\t\t<a href=\"https:\/\/www.netvert-verbund.de\/index.php\/mfg-mons-ferreus-gmbh\/\"><span class=\"btext\">Weitere Informationen \u2192<\/span><\/a>\r\n\t\t\t<\/div>\r\n\t\t\t<\/div>\r\n<\/div>\r\n<\/div>\n<div class=\"wpv-grid grid-1-4  wpv-first-level unextended animation-from-bottom animated-active\" style=\"padding-top:0px;padding-bottom:0px\" id=\"wpv-column-c05ef3f7a7a378b377ca450ec59115bb\" ><div class=\"services clearfix fullimage has-image has-icon has-button \" style=\"text-align:left;\">\r\n\t<div class=\"services-inside\">\r\n\t\t\t\t\t\t\t\t\t<div class=\"thumbnail\">\r\n\t\t\t\t\t\t\t\t\t\t\t<a href=\"https:\/\/www.netvert-verbund.de\/index.php\/maco\/\" title=\"MACO Vision GmbH\" class=\"has-border\">\r\n\t\t\t\t\t\t\t\t\t\t\t\t\t\t\t\t\t\t<img decoding=\"async\" src=\"https:\/\/www.netvert-verbund.de\/wp-content\/uploads\/2013\/03\/MACO_Logo_2014_transparent.png\" alt=\"\" \/>\t\t\t\t\t\t\t\t\t\t\t\t\t\t\t\t\t<\/a>\r\n\t\t\t\t\t\t\t\t\t<\/div>\r\n\t\t\t\t\t\t\t\t\t<div class=\"sep-2\"><\/div>\r\n\t\t\t\t\t\t\t\t\t\t\t\t\t\t<h4 class=\"services-title\">\r\n\t\t\t\t\t\t\t\t\t<a href=\"https:\/\/www.netvert-verbund.de\/index.php\/maco\/\" title=\"MACO Vision GmbH\">MACO Vision GmbH<\/a>\r\n\t\t\t\t\t\t\t<\/h4>\r\n\t\t\t\t\t\t\t<div class=\"services-content\">\nDie MACO Vision GmbH ist eine Marketingagentur im Harz mit den Schwerpunkten Corporate Design und Programmierung von Webseiten.<\/div>\r\n\t\t\t\t\t\t\t<div class=\"services-button-wrap\">\r\n\t\t\t\t<a href=\"https:\/\/www.netvert-verbund.de\/index.php\/maco\/\"><span class=\"btext\">Weitere Informationen \u2192<\/span><\/a>\r\n\t\t\t<\/div>\r\n\t\t\t<\/div>\r\n<\/div>\r\n<\/div>\n<div class=\"wpv-grid grid-1-4  wpv-first-level unextended animation-from-bottom animated-active\" style=\"padding-top:0px;padding-bottom:0px\" id=\"wpv-column-bf0426978a2a6539795d3c9eeeddb79e\" ><div class=\"services clearfix fullimage has-image has-icon has-button \" style=\"text-align:left;\">\r\n\t<div class=\"services-inside\">\r\n\t\t\t\t\t\t\t\t\t<div class=\"thumbnail\">\r\n\t\t\t\t\t\t\t\t\t\t\t<a href=\"https:\/\/www.netvert-verbund.de\/index.php\/changetec\/\" title=\"Changtec Technology GmbH\" class=\"has-border\">\r\n\t\t\t\t\t\t\t\t\t\t\t\t\t\t\t\t\t\t<img decoding=\"async\" src=\"https:\/\/www.netvert-verbund.de\/wp-content\/uploads\/2013\/03\/logo-changetec.png\" alt=\"\" \/>\t\t\t\t\t\t\t\t\t\t\t\t\t\t\t\t\t<\/a>\r\n\t\t\t\t\t\t\t\t\t<\/div>\r\n\t\t\t\t\t\t\t\t\t<div class=\"sep-2\"><\/div>\r\n\t\t\t\t\t\t\t\t\t\t\t\t\t\t<h4 class=\"services-title\">\r\n\t\t\t\t\t\t\t\t\t<a href=\"https:\/\/www.netvert-verbund.de\/index.php\/changetec\/\" title=\"Changtec Technology GmbH\">Changtec Technology GmbH<\/a>\r\n\t\t\t\t\t\t\t<\/h4>\r\n\t\t\t\t\t\t\t<div class=\"services-content\">\nDie Changetec Technology GmbH unterst\u00fctzt Sie bei der Durchf\u00fchrung von Auditprozessen, sowie der anschlie\u00dfenden Beratung und Umsetzung im Unternehmen. Auditierung &#8211; Beratung &#8211; Schulung<\/div>\r\n\t\t\t\t\t\t\t<div class=\"services-button-wrap\">\r\n\t\t\t\t<a href=\"https:\/\/www.netvert-verbund.de\/index.php\/changetec\/\"><span class=\"btext\">Weitere Informationen \u2192<\/span><\/a>\r\n\t\t\t<\/div>\r\n\t\t\t<\/div>\r\n<\/div>\r\n<\/div>\n<div class=\"wpv-grid grid-1-4  wpv-first-level unextended animation-from-bottom animated-active\" style=\"padding-top:0px;padding-bottom:0px\" id=\"wpv-column-b690eb1a6ba19e0407f92e786e1dfd52\" ><div class=\"services clearfix fullimage has-image has-icon has-button \" style=\"text-align:left;\">\r\n\t<div class=\"services-inside\">\r\n\t\t\t\t\t\t\t\t\t<div class=\"thumbnail\">\r\n\t\t\t\t\t\t\t\t\t\t\t<a href=\"https:\/\/www.netvert-verbund.de\/index.php\/seraplant\/\" title=\"mbw S\u00f6mmerda GmbH\" class=\"has-border\">\r\n\t\t\t\t\t\t\t\t\t\t\t\t\t\t\t\t\t\t<img loading=\"lazy\" decoding=\"async\" width=\"200\" height=\"110\" src=\"https:\/\/netvert-verbund.de\/wp-content\/uploads\/2025\/10\/Logo-mbw-e1761298033712.png\" class=\"attachment-full size-full\" alt=\"\" \/>\t\t\t\t\t\t\t\t\t\t\t\t\t\t\t\t\t<\/a>\r\n\t\t\t\t\t\t\t\t\t<\/div>\r\n\t\t\t\t\t\t\t\t\t<div class=\"sep-2\"><\/div>\r\n\t\t\t\t\t\t\t\t\t\t\t\t\t\t<h4 class=\"services-title\">\r\n\t\t\t\t\t\t\t\t\t<a href=\"https:\/\/www.netvert-verbund.de\/index.php\/seraplant\/\" title=\"mbw S\u00f6mmerda GmbH\">mbw S\u00f6mmerda GmbH<\/a>\r\n\t\t\t\t\t\t\t<\/h4>\r\n\t\t\t\t\t\t\t<div class=\"services-content\">\n<p>Die mbw S\u00f6mmerda GmbH ist seit 01.09.2025 Teil der MWG-Gruppe sowie des Netvert-Verbunds.<\/div>\r\n\t\t\t\t\t\t\t<div class=\"services-button-wrap\">\r\n\t\t\t\t<a href=\"https:\/\/www.netvert-verbund.de\/index.php\/seraplant\/\"><span class=\"btext\">Weitere Informationen \u2192<\/span><\/a>\r\n\t\t\t<\/div>\r\n\t\t\t<\/div>\r\n<\/div>\r\n<\/div><\/div>\n<div class=\"row \"><div class=\"wpv-grid grid-1-4  wpv-first-level first unextended animation-from-bottom animated-active\" style=\"padding-top:0px;padding-bottom:0px\" id=\"wpv-column-e0211666a02b831c11f5e70e6f28d94d\" ><div class=\"services clearfix fullimage has-image has-icon has-button \" style=\"text-align:left;\">\r\n\t<div class=\"services-inside\">\r\n\t\t\t\t\t\t\t\t\t<div class=\"thumbnail\">\r\n\t\t\t\t\t\t\t\t\t\t\t<a href=\"https:\/\/www.netvert-verbund.de\/index.php\/seraplant\/\" title=\"Seraplant GmbH\" class=\"has-border\">\r\n\t\t\t\t\t\t\t\t\t\t\t\t\t\t\t\t\t\t<img decoding=\"async\" src=\"https:\/\/netvert-verbund.de\/wp-content\/uploads\/2025\/10\/Logo-Seraplant.jpg.png\" alt=\"\" \/>\t\t\t\t\t\t\t\t\t\t\t\t\t\t\t\t\t<\/a>\r\n\t\t\t\t\t\t\t\t\t<\/div>\r\n\t\t\t\t\t\t\t\t\t<div class=\"sep-2\"><\/div>\r\n\t\t\t\t\t\t\t\t\t\t\t\t\t\t<h4 class=\"services-title\">\r\n\t\t\t\t\t\t\t\t\t<a href=\"https:\/\/www.netvert-verbund.de\/index.php\/seraplant\/\" title=\"Seraplant GmbH\">Seraplant GmbH<\/a>\r\n\t\t\t\t\t\t\t<\/h4>\r\n\t\t\t\t\t\t\t<div class=\"services-content\">\n<p>Die SERAPLANT GMBH macht mit ihrem patentierten Phosphorrecycling-Verfahren bisher verlorene N\u00e4hrstoffe nutzbar und leistet damit einen wichtigen Beitrag zum Umweltschutz und zur Schonung wertvoller Rohstoffressourcen.<\/div>\r\n\t\t\t\t\t\t\t<div class=\"services-button-wrap\">\r\n\t\t\t\t<a href=\"https:\/\/www.netvert-verbund.de\/index.php\/seraplant\/\"><span class=\"btext\">Weitere Informationen \u2192<\/span><\/a>\r\n\t\t\t<\/div>\r\n\t\t\t<\/div>\r\n<\/div>\r\n<\/div><\/div>\n<div class=\"push\" style='height:30px'><\/div>\n<div class=\"push\" style='height:50px'><\/div>\n","protected":false},"excerpt":{"rendered":"<p>ERFAHRUNG MITARBEITER JAHRESUMSATZ LAGER- UND PRODUKTIONSFL\u00c4CHE Netvert ist ein Verbund selbst\u00e4ndiger Gesellschaften. \u2028Neben dem Engagement in Beteiligungsgesellschaften geh\u00f6rt auch die kompetente Bearbeitung anspruchsvoller Aufgabenstellungen zum Portfolio des Netvert-Verbundes. Diese reichen aktuell von der Elektronik \u00fcber die Metallbearbeitung bis hin zur Oberfl\u00e4chenveredlung. Auf dieser Seite werden einige der Verbundpartner vorgestellt. \u2014 DANIEL TRUTWIN Beratung Beteiligungen Finanzierungen&#8230;<\/p>\n","protected":false},"author":6,"featured_media":0,"parent":0,"menu_order":0,"comment_status":"closed","ping_status":"closed","template":"","meta":{"footnotes":""},"_links":{"self":[{"href":"https:\/\/netvert-verbund.de\/index.php\/wp-json\/wp\/v2\/pages\/4"}],"collection":[{"href":"https:\/\/netvert-verbund.de\/index.php\/wp-json\/wp\/v2\/pages"}],"about":[{"href":"https:\/\/netvert-verbund.de\/index.php\/wp-json\/wp\/v2\/types\/page"}],"author":[{"embeddable":true,"href":"https:\/\/netvert-verbund.de\/index.php\/wp-json\/wp\/v2\/users\/6"}],"replies":[{"embeddable":true,"href":"https:\/\/netvert-verbund.de\/index.php\/wp-json\/wp\/v2\/comments?post=4"}],"version-history":[{"count":86,"href":"https:\/\/netvert-verbund.de\/index.php\/wp-json\/wp\/v2\/pages\/4\/revisions"}],"predecessor-version":[{"id":10372,"href":"https:\/\/netvert-verbund.de\/index.php\/wp-json\/wp\/v2\/pages\/4\/revisions\/10372"}],"wp:attachment":[{"href":"https:\/\/netvert-verbund.de\/index.php\/wp-json\/wp\/v2\/media?parent=4"}],"curies":[{"name":"wp","href":"https:\/\/api.w.org\/{rel}","templated":true}]}}