{"id":9646,"date":"2015-06-11T12:43:04","date_gmt":"2015-06-11T12:43:04","guid":{"rendered":"http:\/\/www.netvert-verbund.de\/?page_id=9646"},"modified":"2025-10-23T13:15:09","modified_gmt":"2025-10-23T12:15:09","slug":"mwg-gruppe","status":"publish","type":"page","link":"https:\/\/netvert-verbund.de\/index.php\/mwg-gruppe\/","title":{"rendered":"MWG-Gruppe"},"content":{"rendered":"<div class=\"row \"><div class=\"wpv-grid grid-1-1  wpv-first-level first unextended\" style=\"padding-top:0px;padding-bottom:0px\" id=\"wpv-column-c95fca8f6dd219df9e73e0297b2a7e96\" ><h3>Die MWG-Gruppe ist eine Eigent\u00fcmer gef\u00fchrte, mittelst\u00e4ndische Unternehmensgruppe, die sich seit fast 100 Jahren auf die hochwertige Veredlung metallischer Oberfl\u00e4chen spezialisiert hat. An bundesweit drei Standorten besch\u00e4ftigt die Gruppe mehr als 200 motivierte Fachkr\u00e4fte. Angefangen bei der Designphase \u00fcber die Musterfertigung bis hin zur industriellen Gro\u00dfserie steht die MWG-Gruppe ihren Kunden als flexibler und innovativer Partner zur Seite.<\/h3><\/div><\/div>\n<div class=\"sep\"><\/div>\n<div class=\"row \"><div class=\"wpv-grid grid-2-5  wpv-first-level first unextended\" style=\"padding-top:0px;padding-bottom:0px\" id=\"wpv-column-8ab25a1f380c1a790ecc38f8856a441d\" ><div class=\"row \"><div class=\"wpv-grid grid-5-6  first unextended\" style=\"padding-top:0px;padding-bottom:0px\" id=\"wpv-column-aba2da036ea72c0e507f052141553b64\" ><h3 style=\"padding-left: 10px;\">CHRONIK<\/h3>\n<hr \/>\n<h3 style=\"padding-left: 10px;\"><span class=\"accent-1\">\u2013 1922<\/span>\u00a0Gr\u00fcndung<\/h3>\n<p style=\"padding-left: 10px;\">Gr\u00fcndung als Handwerksbetrieb f\u00fcr Galvanikleistungen in Wernigerode. Seitdem stetiges Wachstum.<br \/>\n<div class=\"push\" style='height:20px'><\/div>\n<h3 style=\"padding-left: 10px;\"><span class=\"accent-1\">\u2013 1991<\/span>\u00a0Privatisierung<\/h3>\n<p>Privatisierung, in 24 Jahren\u00a0Investitionen in H\u00f6he von\u00a0\u00fcber 35 Mio. Euro.<\/p>\n<p style=\"padding-left: 10px;\"><div class=\"push\" style='height:20px'><\/div>\n<h3 style=\"padding-left: 10px;\"><span class=\"accent-1\">\u2013 2009<\/span>\u00a0Weiteres Wachstum<\/h3>\n<p>\u00dcbernahme der MWG Galvanotec GmbH in Osterwieck, einem Spezialisten f\u00fcr hochwertige Oberfl\u00e4chen (u.a. Eloxal, Chrom, Hartanodisieren).<\/p>\n<div class=\"push\" style='height:20px'><\/div>\n<h3 style=\"padding-left: 10px;\"><span class=\"accent-1\">\u2013 2011<\/span>\u00a0Neue Gesellschafter<\/h3>\n<p>Neue Gesellschafter der\u00a0MWG-Gruppe: Daniel Trutwin,\u00a0Dr. Katja Loderstedt und\u00a0Falko Saalfeld.<\/p>\n<div class=\"push\" style='height:20px'><\/div>\n<h3 style=\"padding-left: 10px;\"><span class=\"accent-1\">\u2013 2014<\/span>\u00a0Die Gruppe w\u00e4chst weiter<\/h3>\n<p>Bau und Er\u00f6ffnung der\u00a0MWG Alutec GmbH, einem modernen Eloxalwerk mit\u00a0insgesamt 7 Mio. qm\u00a0Eloxalkapazit\u00e4t. Damit geh\u00f6rt die MWG-Gruppe heute zu den\u00a0gr\u00f6\u00dften Lohnveredlern Deutschlands.<\/p>\n<p><span style=\"line-height: 1.5;\"><div class=\"push\" style='height:20px'><\/div><\/span><\/p>\n<h3 style=\"padding-left: 10px;\"><span class=\"accent-1\">\u2013 2015<\/span>\u00a0Neuer Standort<\/h3>\n<p>Integration der MWG\u00a0Eloxal Landau GmbH. Erweiterung der MWG-Gruppe Richtung S\u00fcd-Deutschland.<\/p>\n<div class=\"push\" style='height:20px'><\/div>\n<h3><span class=\"accent-1\">\u2013 2023<\/span> Joint-Ventures<\/h3>\n<p>Einweihung der Spezialgalvanik f\u00fcr E-Mobilit\u00e4t des Joint-Ventures Quarder-MWG in Wernigerode<\/p>\n<div class=\"push\" style='height:20px'><\/div>\n<h3><span class=\"accent-1\">\u2013 2025<\/span> Neue Anlage<\/h3>\n<p>Inbetriebnahme der neuen Beizpassivierung am Stammsitz der MWG-Gruppe<\/div><\/div><\/div>\n<div class=\"wpv-grid grid-1-3  wpv-first-level unextended\" style=\"padding-top:0px;padding-bottom:0px\" id=\"wpv-column-67bfd8d51f086a850e6e8710788f5298\" ><div class=\"row \"><div class=\"wpv-grid grid-5-6  first unextended\" style=\"padding-top:0px;padding-bottom:0px\" id=\"wpv-column-da5829fe7520aa0c6eb155b1efb29aa8\" ><div class=\"row \"><div class=\"wpv-grid grid-1-1  first unextended\" style=\"padding-top:0px;padding-bottom:0px\" id=\"wpv-column-111e5cec1039a67ea3b4cfe141a7d758\" ><h3>KERNKOMPETENZEN<\/h3>\n<hr \/>\n<p>Die MWG-Gruppe ist ein erfahrener Dienstleister rund um die Oberfl\u00e4che.<\/p>\n<p>Zum Dienstleistungsportfolio geh\u00f6ren insbesondere:<\/p>\n<ul>\n<li>Eloxieren &amp; Einf\u00e4rben<\/li>\n<li>Galvanisieren<\/li>\n<li>Pulverbeschichten<\/li>\n<li>Hartanodisieren<\/li>\n<li>Hartverchromen<\/li>\n<li>Systempartnerschaft<\/li>\n<\/ul><\/div><\/div>\n<div class=\"push\" style='height:30px'><\/div><\/div><\/div>\n<div class=\"row \"><div class=\"wpv-grid grid-5-6  first unextended\" style=\"padding-top:0px;padding-bottom:0px\" id=\"wpv-column-b1111f73466fb3b289041d913cd2dcf1\" ><div class=\"row \"><div class=\"wpv-grid grid-1-1  first unextended\" style=\"padding-top:0px;padding-bottom:0px\" id=\"wpv-column-5365a7d65e04b3a755c5bd26d51f954f\" ><h3>ZERTIFIZIERUNG<\/h3>\n<hr \/>\n<ul>\n<li>DIN EN ISO 9001: 2015<\/li>\n<li>DIN EN ISO 14001: 2015<\/li>\n<li>DIN EN ISO 50001: 2018<\/li>\n<\/ul><\/div><\/div><\/div><\/div><\/div>\n<div class=\"wpv-grid grid-1-4  wpv-first-level unextended\" style=\"padding-top:0px;padding-bottom:0px\" id=\"wpv-column-5c7ee09e0efcbbe9aec678b86b5f81c9\" ><div class=\"row \"><div class=\"wpv-grid grid-1-1  first has-background unextended\" style=\"background-color:#f0f0f0;padding-top:0px;padding-bottom:0px\" id=\"wpv-column-5ff8592046f91f2c5f2a1bdf87bbac08\" ><style>#wpv-column-5ff8592046f91f2c5f2a1bdf87bbac08 p,#wpv-column-5ff8592046f91f2c5f2a1bdf87bbac08 em,#wpv-column-5ff8592046f91f2c5f2a1bdf87bbac08 .column-title,#wpv-column-5ff8592046f91f2c5f2a1bdf87bbac08 .sep-text h2.regular-title-wrapper,#wpv-column-5ff8592046f91f2c5f2a1bdf87bbac08 .text-divider-double,#wpv-column-5ff8592046f91f2c5f2a1bdf87bbac08 .sep-text .sep-text-line,#wpv-column-5ff8592046f91f2c5f2a1bdf87bbac08 .sep,#wpv-column-5ff8592046f91f2c5f2a1bdf87bbac08 .sep-2,#wpv-column-5ff8592046f91f2c5f2a1bdf87bbac08 .sep-3,#wpv-column-5ff8592046f91f2c5f2a1bdf87bbac08 td,#wpv-column-5ff8592046f91f2c5f2a1bdf87bbac08 th,#wpv-column-5ff8592046f91f2c5f2a1bdf87bbac08 caption{color:#717171;}#wpv-column-5ff8592046f91f2c5f2a1bdf87bbac08:before{background-color:transparent;}<\/style><div class=\"row \"><div class=\"wpv-grid grid-1-1  first unextended\" style=\"padding-top:0px;padding-bottom:0px\" id=\"wpv-column-4546f099d65b5e861a80f808eacc1814\" ><h3>KONTAKT<\/h3>\n<hr \/><\/div><\/div>\n<div class=\"row \"><div class=\"wpv-grid grid-1-1  first unextended\" style=\"padding-top:0px;padding-bottom:0px\" id=\"wpv-column-017a4e57c6e6eb2775910de53ec28a71\" >\n<div class=\"contact_info_wrap\">\n\t\t\t<p><span class='icon shortcode   use-hover' style='color:#4a4f55;'>&#57610;<\/span>MWG-Gruppe<\/p>\n\t\n\t\t\t<p><a href=\"tel:+49 (0) 3943\/567-155\" title=\"Call MWG-Gruppe\"><span class='icon shortcode theme  use-hover' style='color:#4a4f55;'>&#57382;<\/span>+49 (0) 3943\/567-155<\/a><\/p>\n\t\n\t\t\t<p><a href=\"tel:+49 (0) 3943\/567-486\" title=\"Call MWG-Gruppe\"><span class='icon shortcode theme  use-hover' style='color:#4a4f55;'>&#57361;<\/span>+49 (0) 3943\/567-486<\/a><\/p>\n\t\n\t\t\t<p><a href=\"mailto:info@mwg-gruppe.de\" ><span class='icon shortcode theme  use-hover' style='color:#4a4f55;'>&#57353;<\/span>info@mwg-gruppe.de<\/a><\/p>\n\t\n\t\t\t<p><span class=\"contact_address\"><span class='icon shortcode theme  use-hover' style='color:#4a4f55;'>&#57367;<\/span>Am Kupferhammer 89<br \/>\n38855 Wernigerode<\/span><\/p>\n\t\n<\/div>\n<\/div><\/div>\n<div class=\"row \"><div class=\"wpv-grid grid-1-1  first unextended\" style=\"padding-top:0px;padding-bottom:0px\" id=\"wpv-column-121cb50d374c44f787421d0dcc24ef49\" ><p><a href=\"http:\/\/www.mwg-gruppe.de\" target=\"_blank\" rel=\"noopener\">www.mwg-gruppe.de<\/a><\/div><\/div><\/div><\/div>\n<div class=\"row \"><div class=\"wpv-grid grid-1-1  first unextended\" style=\"padding-top:0px;padding-bottom:0px\" id=\"wpv-column-f3453ae2745e8b99492d918448d7296f\" ><div class=\"push\" style='height:30px'><\/div>\n<div class=\"row \"><div class=\"wpv-grid grid-1-1  first unextended\" style=\"padding-top:0px;padding-bottom:0px\" id=\"wpv-column-79d4cd70ce853a6c7a390d226dec5011\" ><p><a href=\"https:\/\/www.netvert-verbund.de\/wp-content\/uploads\/2015\/06\/mwg_netvert_macovision_landkarte_250x330.png\"><img loading=\"lazy\" decoding=\"async\" class=\"alignnone size-full wp-image-9890\" src=\"https:\/\/www.netvert-verbund.de\/wp-content\/uploads\/2015\/06\/mwg_netvert_macovision_landkarte_250x330.png\" alt=\"mwg_netvert_macovision_landkarte_250x330\" width=\"250\" height=\"330\" srcset=\"https:\/\/netvert-verbund.de\/wp-content\/uploads\/2015\/06\/mwg_netvert_macovision_landkarte_250x330.png 250w, https:\/\/netvert-verbund.de\/wp-content\/uploads\/2015\/06\/mwg_netvert_macovision_landkarte_250x330-227x300.png 227w\" sizes=\"(max-width: 250px) 100vw, 250px\" \/><\/a><\/div><\/div><\/div><\/div><\/div><\/div>\n<div class=\"row \"><div class=\"wpv-grid grid-1-1  wpv-first-level first unextended\" style=\"padding-top:0px;padding-bottom:0px\" id=\"wpv-column-96547652d0624133cf8ddad0c03a3c10\" >\t\t<div class=\"sep-text single centered\">\n\t\t\t\t\t\t\t<span class=\"sep-text-before\"><div class=\"sep-text-line\"><\/div><\/span>\n\t\t\t\t\t\t<div class=\"content\">\n\t\t\t\t<h2 class=\"text-divider-double\">Die MWG-Gruppe in Bildern<\/h2>\t\t\t<\/div>\n\t\t\t<span class=\"sep-text-after\"><div class=\"sep-text-line\"><\/div><\/span>\n\t\t\t\t\t<\/div>\n\t\n<section class=\"portfolios normal clearfix title-below has-description \" id=\"69e08c12dd0e6\">\n\t\t<div class=\"portfolio-items vamtam-cubeportfolio cbp portfolio-items \" data-columns=\"2\" data-options=\"{&quot;layoutMode&quot;:&quot;grid&quot;,&quot;defaultFilter&quot;:&quot;*&quot;,&quot;animationType&quot;:&quot;slideDelay&quot;,&quot;gapHorizontal&quot;:30,&quot;gapVertical&quot;:30,&quot;gridAdjustment&quot;:&quot;responsive&quot;,&quot;mediaQueries&quot;:[{&quot;width&quot;:555,&quot;cols&quot;:2},{&quot;width&quot;:262.5,&quot;cols&quot;:1}],&quot;displayType&quot;:&quot;bottomToTop&quot;,&quot;displayTypeSpeed&quot;:100,&quot;showPagination&quot;:false}\" data-hidden-by-filters=\"New items were loaded, but they are hidden because of your choice of filters\">\n\t\t<div data-id=\"9918\" data-type=\"mgw-gruppe\" class=\"has-title has-description grid-1-2 has-button state-closed vamtam-project cbp-item\" style=\"width: 50%\">\n\t<div class=\"portfolio-item-wrapper\">\n\t\t\t\t<div class=\"portfolio-image\">\n\t\t\t<div class=\"thumbnail\" style=\"max-height:400px\">\n\t\t\t\t\t\t\t\t\t\t<a href=\"https:\/\/netvert-verbund.de\/wp-content\/uploads\/2014\/01\/mwggruppe_netvert_macovision_eloxalwerk_1140x760.jpg\" class=\"meta  vamtam-lightbox\"  rel=\"portfolio_231\">\n\t\t\t\t\t\t\t<img loading=\"lazy\" decoding=\"async\" width=\"555\" height=\"370\" src=\"https:\/\/netvert-verbund.de\/wp-content\/uploads\/2014\/01\/mwggruppe_netvert_macovision_eloxalwerk_1140x760-555x370.jpg\" class=\"attachment-portfolio-loop-2 size-portfolio-loop-2 wp-post-image\" alt=\"\" srcset=\"https:\/\/netvert-verbund.de\/wp-content\/uploads\/2014\/01\/mwggruppe_netvert_macovision_eloxalwerk_1140x760-555x370.jpg 555w, https:\/\/netvert-verbund.de\/wp-content\/uploads\/2014\/01\/mwggruppe_netvert_macovision_eloxalwerk_1140x760-300x200.jpg 300w, https:\/\/netvert-verbund.de\/wp-content\/uploads\/2014\/01\/mwggruppe_netvert_macovision_eloxalwerk_1140x760-1024x683.jpg 1024w, https:\/\/netvert-verbund.de\/wp-content\/uploads\/2014\/01\/mwggruppe_netvert_macovision_eloxalwerk_1140x760-600x400.jpg 600w, https:\/\/netvert-verbund.de\/wp-content\/uploads\/2014\/01\/mwggruppe_netvert_macovision_eloxalwerk_1140x760.jpg 1140w, https:\/\/netvert-verbund.de\/wp-content\/uploads\/2014\/01\/mwggruppe_netvert_macovision_eloxalwerk_1140x760-360x240.jpg 360w, https:\/\/netvert-verbund.de\/wp-content\/uploads\/2014\/01\/mwggruppe_netvert_macovision_eloxalwerk_1140x760-262x175.jpg 262w\" sizes=\"(min-width: 900px) 50vw, 100vw\" \/>\t\t\t\t\t\t<\/a>\n\t\t\t\t\t\t\t<\/div><!-- \/ .thumbnail -->\n\t\t<\/div>\n\n\t\t\t\t\t<div class=\"portfolio_details\">\n\t\t\t\t\t\t\t\t\t<h3 class=\"title\">\n\t\t\t\t\t\t<a href=\"https:\/\/netvert-verbund.de\/index.php\/portfolio\/mwg-alutec\/\" class=\"entry-title\">MWG Alutec GmbH<\/a>\n\t\t\t\t\t<\/h3>\n\t\t\t\t\t\t\t\t\t\t\t\t\t<div class=\"excerpt\"><p>Im August 2014 nahm das neu erbaute Eloxalwerk der MWG Alutec GmbH im Werniger\u00f6der Industriegebiet \u201eAm Smatvelde\u201c die Produktion auf. In diesem hochmodernen Werk werden Aluminiumbauteile bis zu einer L\u00e4nge von 8,20 m umweltgerecht industriell eloxiert. Die Gesamtinvestitionssumme der MWG-Gruppe belief sich auf 10 Millionen Euro.<\/p>\n<\/div>\n\t\t\t\t\t\t\t<\/div>\n\t\t\t<\/div>\n<\/div><div data-id=\"9910\" data-type=\"mgw-gruppe\" class=\"has-title has-description grid-1-2 has-button state-closed vamtam-project cbp-item\" style=\"width: 50%\">\n\t<div class=\"portfolio-item-wrapper\">\n\t\t\t\t<div class=\"portfolio-image\">\n\t\t\t<div class=\"thumbnail\" style=\"max-height:400px\">\n\t\t\t\t\t\t\t\t\t\t<a href=\"https:\/\/netvert-verbund.de\/wp-content\/uploads\/2015\/06\/mwggruppe_netvert_macovision_alutec_1140x760.jpg\" class=\"meta  vamtam-lightbox\"  rel=\"portfolio_231\">\n\t\t\t\t\t\t\t<img loading=\"lazy\" decoding=\"async\" width=\"555\" height=\"370\" src=\"https:\/\/netvert-verbund.de\/wp-content\/uploads\/2015\/06\/mwggruppe_netvert_macovision_alutec_1140x760-555x370.jpg\" class=\"attachment-portfolio-loop-2 size-portfolio-loop-2 wp-post-image\" alt=\"\" srcset=\"https:\/\/netvert-verbund.de\/wp-content\/uploads\/2015\/06\/mwggruppe_netvert_macovision_alutec_1140x760-555x370.jpg 555w, https:\/\/netvert-verbund.de\/wp-content\/uploads\/2015\/06\/mwggruppe_netvert_macovision_alutec_1140x760-300x200.jpg 300w, https:\/\/netvert-verbund.de\/wp-content\/uploads\/2015\/06\/mwggruppe_netvert_macovision_alutec_1140x760-1024x683.jpg 1024w, https:\/\/netvert-verbund.de\/wp-content\/uploads\/2015\/06\/mwggruppe_netvert_macovision_alutec_1140x760-600x400.jpg 600w, https:\/\/netvert-verbund.de\/wp-content\/uploads\/2015\/06\/mwggruppe_netvert_macovision_alutec_1140x760.jpg 1140w, https:\/\/netvert-verbund.de\/wp-content\/uploads\/2015\/06\/mwggruppe_netvert_macovision_alutec_1140x760-360x240.jpg 360w, https:\/\/netvert-verbund.de\/wp-content\/uploads\/2015\/06\/mwggruppe_netvert_macovision_alutec_1140x760-262x175.jpg 262w\" sizes=\"(min-width: 900px) 50vw, 100vw\" \/>\t\t\t\t\t\t<\/a>\n\t\t\t\t\t\t\t<\/div><!-- \/ .thumbnail -->\n\t\t<\/div>\n\n\t\t\t\t\t<div class=\"portfolio_details\">\n\t\t\t\t\t\t\t\t\t<h3 class=\"title\">\n\t\t\t\t\t\t<a href=\"https:\/\/netvert-verbund.de\/index.php\/portfolio\/das-neue-werk-von-innen\/\" class=\"entry-title\">Das neue Werk von Innen<\/a>\n\t\t\t\t\t<\/h3>\n\t\t\t\t\t\t\t\t\t\t\t\t\t<div class=\"excerpt\"><p>Auf ca. 6.000 m\u00b2 \u00fcberdachter Produktionsfl\u00e4che k\u00f6nnen j\u00e4hrlich ca. 2,9 Mio. m\u00b2 Eloxalvolumen bearbeitet werden.<\/p>\n<\/div>\n\t\t\t\t\t\t\t<\/div>\n\t\t\t<\/div>\n<\/div><div data-id=\"9682\" data-type=\"mgw-gruppe\" class=\"has-title has-description grid-1-2 has-button state-closed vamtam-project cbp-item\" style=\"width: 50%\">\n\t<div class=\"portfolio-item-wrapper\">\n\t\t\t\t<div class=\"portfolio-image\">\n\t\t\t<div class=\"thumbnail\" style=\"max-height:400px\">\n\t\t\t\t\t\t\t\t\t\t<a href=\"https:\/\/netvert-verbund.de\/wp-content\/uploads\/2015\/06\/mwggruppe_netvert_macovision_schienen_1140x760.jpg\" class=\"meta  vamtam-lightbox\"  rel=\"portfolio_231\">\n\t\t\t\t\t\t\t<img loading=\"lazy\" decoding=\"async\" width=\"555\" height=\"370\" src=\"https:\/\/netvert-verbund.de\/wp-content\/uploads\/2015\/06\/mwggruppe_netvert_macovision_schienen_1140x760-555x370.jpg\" class=\"attachment-portfolio-loop-2 size-portfolio-loop-2 wp-post-image\" alt=\"\" srcset=\"https:\/\/netvert-verbund.de\/wp-content\/uploads\/2015\/06\/mwggruppe_netvert_macovision_schienen_1140x760-555x370.jpg 555w, https:\/\/netvert-verbund.de\/wp-content\/uploads\/2015\/06\/mwggruppe_netvert_macovision_schienen_1140x760-300x200.jpg 300w, https:\/\/netvert-verbund.de\/wp-content\/uploads\/2015\/06\/mwggruppe_netvert_macovision_schienen_1140x760-1024x683.jpg 1024w, https:\/\/netvert-verbund.de\/wp-content\/uploads\/2015\/06\/mwggruppe_netvert_macovision_schienen_1140x760-600x400.jpg 600w, https:\/\/netvert-verbund.de\/wp-content\/uploads\/2015\/06\/mwggruppe_netvert_macovision_schienen_1140x760.jpg 1140w, https:\/\/netvert-verbund.de\/wp-content\/uploads\/2015\/06\/mwggruppe_netvert_macovision_schienen_1140x760-360x240.jpg 360w, https:\/\/netvert-verbund.de\/wp-content\/uploads\/2015\/06\/mwggruppe_netvert_macovision_schienen_1140x760-262x175.jpg 262w\" sizes=\"(min-width: 900px) 50vw, 100vw\" \/>\t\t\t\t\t\t<\/a>\n\t\t\t\t\t\t\t<\/div><!-- \/ .thumbnail -->\n\t\t<\/div>\n\n\t\t\t\t\t<div class=\"portfolio_details\">\n\t\t\t\t\t\t\t\t\t<h3 class=\"title\">\n\t\t\t\t\t\t<a href=\"https:\/\/netvert-verbund.de\/index.php\/portfolio\/mwg-alutec-gmbh\/\" class=\"entry-title\">Eloxierte Schienen<\/a>\n\t\t\t\t\t<\/h3>\n\t\t\t\t\t\t\t\t\t\t\t\t\t<div class=\"excerpt\"><p>Die Einf\u00e4rbevarianten reichen von Champagner \u00fcber Gold und Bronze bis Schwarz. Weitere Farben auf Anfrage.<\/p>\n<\/div>\n\t\t\t\t\t\t\t<\/div>\n\t\t\t<\/div>\n<\/div><div data-id=\"9903\" data-type=\"mgw-gruppe\" class=\"has-title has-description grid-1-2 has-button state-closed vamtam-project cbp-item\" style=\"width: 50%\">\n\t<div class=\"portfolio-item-wrapper\">\n\t\t\t\t<div class=\"portfolio-image\">\n\t\t\t<div class=\"thumbnail\" style=\"max-height:400px\">\n\t\t\t\t\t\t\t\t\t\t<a href=\"https:\/\/netvert-verbund.de\/wp-content\/uploads\/2015\/06\/mwggruppe_netvert_macovision_pulverbeschichtung_1140x760.jpg\" class=\"meta  vamtam-lightbox\"  rel=\"portfolio_231\">\n\t\t\t\t\t\t\t<img loading=\"lazy\" decoding=\"async\" width=\"555\" height=\"370\" src=\"https:\/\/netvert-verbund.de\/wp-content\/uploads\/2015\/06\/mwggruppe_netvert_macovision_pulverbeschichtung_1140x760-555x370.jpg\" class=\"attachment-portfolio-loop-2 size-portfolio-loop-2 wp-post-image\" alt=\"\" srcset=\"https:\/\/netvert-verbund.de\/wp-content\/uploads\/2015\/06\/mwggruppe_netvert_macovision_pulverbeschichtung_1140x760-555x370.jpg 555w, https:\/\/netvert-verbund.de\/wp-content\/uploads\/2015\/06\/mwggruppe_netvert_macovision_pulverbeschichtung_1140x760-300x200.jpg 300w, https:\/\/netvert-verbund.de\/wp-content\/uploads\/2015\/06\/mwggruppe_netvert_macovision_pulverbeschichtung_1140x760-1024x683.jpg 1024w, https:\/\/netvert-verbund.de\/wp-content\/uploads\/2015\/06\/mwggruppe_netvert_macovision_pulverbeschichtung_1140x760-600x400.jpg 600w, https:\/\/netvert-verbund.de\/wp-content\/uploads\/2015\/06\/mwggruppe_netvert_macovision_pulverbeschichtung_1140x760.jpg 1140w, https:\/\/netvert-verbund.de\/wp-content\/uploads\/2015\/06\/mwggruppe_netvert_macovision_pulverbeschichtung_1140x760-360x240.jpg 360w, https:\/\/netvert-verbund.de\/wp-content\/uploads\/2015\/06\/mwggruppe_netvert_macovision_pulverbeschichtung_1140x760-262x175.jpg 262w\" sizes=\"(min-width: 900px) 50vw, 100vw\" \/>\t\t\t\t\t\t<\/a>\n\t\t\t\t\t\t\t<\/div><!-- \/ .thumbnail -->\n\t\t<\/div>\n\n\t\t\t\t\t<div class=\"portfolio_details\">\n\t\t\t\t\t\t\t\t\t<h3 class=\"title\">\n\t\t\t\t\t\t<a href=\"https:\/\/netvert-verbund.de\/index.php\/portfolio\/pulverbeschichtung\/\" class=\"entry-title\">Pulverbeschichtung<\/a>\n\t\t\t\t\t<\/h3>\n\t\t\t\t\t\t\t\t\t\t\t\t\t<div class=\"excerpt\"><p>Entscheidend f\u00fcr die hochwertige Qualit\u00e4t einer Pulverbeschichtung ist eine ideale Kombination von Vorbehandlung und Pulverbeschaffenheit. Die MWG setzt auf moderne Verfahren bei der Beschichtung und auf Materialien f\u00fchrender Hersteller. <\/p>\n<\/div>\n\t\t\t\t\t\t\t<\/div>\n\t\t\t<\/div>\n<\/div>\t<\/div>\n\t<\/section>\n\n<\/div><\/div>\n","protected":false},"excerpt":{"rendered":"<p>Im August 2014 nahm\u00a0das neu erbaute Eloxalwerk der MWG Alutec GmbH im Werniger\u00f6der Industriegebiet \u201eAm Smatvelde\u201c die Produktion auf. In diesem hochmodernen Werk\u00a0werden Aluminiumbauteile bis zu einer L\u00e4nge von 8,20 m umweltgerecht industriell eloxiert. Die Gesamtinvestitionssumme der MWG-Gruppe belief\u00a0sich auf 10 Millionen Euro.<\/p>\n","protected":false},"author":6,"featured_media":0,"parent":0,"menu_order":0,"comment_status":"closed","ping_status":"open","template":"","meta":{"footnotes":""},"_links":{"self":[{"href":"https:\/\/netvert-verbund.de\/index.php\/wp-json\/wp\/v2\/pages\/9646"}],"collection":[{"href":"https:\/\/netvert-verbund.de\/index.php\/wp-json\/wp\/v2\/pages"}],"about":[{"href":"https:\/\/netvert-verbund.de\/index.php\/wp-json\/wp\/v2\/types\/page"}],"author":[{"embeddable":true,"href":"https:\/\/netvert-verbund.de\/index.php\/wp-json\/wp\/v2\/users\/6"}],"replies":[{"embeddable":true,"href":"https:\/\/netvert-verbund.de\/index.php\/wp-json\/wp\/v2\/comments?post=9646"}],"version-history":[{"count":57,"href":"https:\/\/netvert-verbund.de\/index.php\/wp-json\/wp\/v2\/pages\/9646\/revisions"}],"predecessor-version":[{"id":10339,"href":"https:\/\/netvert-verbund.de\/index.php\/wp-json\/wp\/v2\/pages\/9646\/revisions\/10339"}],"wp:attachment":[{"href":"https:\/\/netvert-verbund.de\/index.php\/wp-json\/wp\/v2\/media?parent=9646"}],"curies":[{"name":"wp","href":"https:\/\/api.w.org\/{rel}","templated":true}]}}