{"id":9711,"date":"2015-06-17T07:48:52","date_gmt":"2015-06-17T07:48:52","guid":{"rendered":"http:\/\/www.netvert-verbund.de\/?page_id=9711"},"modified":"2025-10-23T13:19:05","modified_gmt":"2025-10-23T12:19:05","slug":"micronex-gmbh","status":"publish","type":"page","link":"https:\/\/netvert-verbund.de\/index.php\/micronex-gmbh\/","title":{"rendered":"micronex"},"content":{"rendered":"<div class=\"row \"><div class=\"wpv-grid grid-1-1  wpv-first-level first unextended\" style=\"padding-top:0px;padding-bottom:0px\" id=\"wpv-column-8024e3c17de505a1fcf478fdc29e4121\" ><h3><span class=\"accent-1\">Die micronex GmbH geh\u00f6rt zu den gro\u00dfen Fertigungsdienstleistern f\u00fcr elektronische Komponenten in Deutschland. Sie ist seit 1979 erfolgreich am Markt t\u00e4tig. Das Unternehmen fertigt rund 2.000 verschiedene Produkte f\u00fcr mehr als 40 namhafte Kunden.\u00a0 Die micronex GmbH hat ihren Sitz in Eldagsen\/ Springe bei Hannover und besch\u00e4ftigt \u00fcber 100 hochqualifizierte Mitarbeiter.<\/span><\/h3><\/div><\/div>\n<div class=\"sep\"><\/div>\n<div class=\"row \"><div class=\"wpv-grid grid-2-5  wpv-first-level first unextended\" style=\"padding-top:0px;padding-bottom:0px\" id=\"wpv-column-a581e5f800aecf30bb764c5a00021971\" ><div class=\"row \"><div class=\"wpv-grid grid-5-6  first unextended\" style=\"padding-top:0px;padding-bottom:0px\" id=\"wpv-column-29038a933c7a0aa942d103c7c7b88935\" ><h3 style=\"padding-left: 10px;\">CHRONIK<\/h3>\n<hr \/>\n<h3 style=\"padding-left: 10px;\"><span class=\"accent-1\">\u2013 1979<\/span>\u00a0Gr\u00fcndung<\/h3>\n<p>Gr\u00fcndung der Treichel Elektronik GmbH durch Herrn Burkhardt Treichel; Entwicklung, Herstellung und Vertrieb elektronischer Ger\u00e4te.<\/p>\n<div class=\"push\" style='height:20px'><\/div>\n<h3 style=\"padding-left: 10px;\"><span class=\"accent-1\">\u2013 1996\u00a0<\/span>Innovationssprung<\/h3>\n<p>Start einer hochmodernen EMS &amp; SMD &#8211;\u00a0Produktion.<\/p>\n<p style=\"padding-left: 10px;\"><div class=\"push\" style='height:20px'><\/div>\n<h3 style=\"padding-left: 10px;\"><span class=\"accent-1\">\u2013 2000\u00a0<\/span>Gr\u00fcndung USV GmbH<\/h3>\n<p>Beginn der Produktion von\u00a0USV &#8211; Anlagen f\u00fcr namhafte Kunden durch\u00a0die USV GmbH.<\/p>\n<p><span style=\"line-height: 1.5;\"><div class=\"push\" style='height:20px'><\/div><\/span><\/p>\n<h3 style=\"padding-left: 10px;\"><span class=\"accent-1\">\u2013 2005<\/span>\u00a0Prozessneuerung<\/h3>\n<p>Einf\u00fchrung RoHS Prozess SMD\/THT.<\/p>\n<p><span style=\"line-height: 1.5;\"><div class=\"push\" style='height:20px'><\/div><\/span><\/p>\n<h3 style=\"padding-left: 10px;\"><span class=\"accent-1\">\u2013 2008<\/span>\u00a0Zertifizierung<\/h3>\n<p>Zertifizierung TS 16949; Wertstromdesign.<\/p>\n<p><span style=\"line-height: 1.5;\"><div class=\"push\" style='height:20px'><\/div><\/span><\/p>\n<h3 style=\"padding-left: 10px;\"><span class=\"accent-1\">\u2013 2009\u00a0<\/span>Leanproduction<\/h3>\n<p>Weiterentwicklung der Fertigung \u00a0und Modernisierung der Abl\u00e4ufe.<\/p>\n<p><span style=\"line-height: 1.5;\"><div class=\"push\" style='height:20px'><\/div><\/span><\/p>\n<h3 style=\"padding-left: 10px;\"><span class=\"accent-1\">\u2013 2013<\/span>\u00a0Rebranding<\/h3>\n<p>Umfirmierung zur micronex GmbH; Integration der Changetec Technology GmbH.<\/p>\n<p><span style=\"line-height: 1.5;\"><div class=\"push\" style='height:20px'><\/div><\/span><\/p>\n<h3 style=\"padding-left: 10px;\"><span class=\"accent-1\">\u2013 2015\u00a0<\/span>Industrie 4.0<\/h3>\n<p>Aktiv in der Umsetzung verschiedener Industrie 4.0 &#8211; Projekte; enge Vernetzung mit Unternehmen in der Region Hannover.<\/p>\n<div class=\"push\" style='height:20px'><\/div>\n<h3><span class=\"accent-1\">\u2013 2018<\/span> &#8211; 2025 Investitionen<\/h3>\n<p>Verschiedene Investionen, so u.a. in SMD Linie, Inline-AOI, Laserbeschriftungsautomaten, Rework-Station, R\u00f6ntgenz\u00e4hlger\u00e4t, Inline ICT, Digitalisierung von kaufm. Prozessen sowie KI &#8211;&gt; Angebotskalkulation mittel KI<\/p>\n<div class=\"push\" style='height:20px'><\/div><\/div><\/div><\/div>\n<div class=\"wpv-grid grid-1-3  wpv-first-level unextended\" style=\"padding-top:0px;padding-bottom:0px\" id=\"wpv-column-efdb54dd85a89cce1c7512e5c6dbea24\" ><div class=\"row \"><div class=\"wpv-grid grid-5-6  first unextended\" style=\"padding-top:0px;padding-bottom:0px\" id=\"wpv-column-1d2cd7a870c81a69cff2f6cfcb7b8826\" ><div class=\"row \"><div class=\"wpv-grid grid-1-1  first unextended\" style=\"padding-top:0px;padding-bottom:0px\" id=\"wpv-column-4bc5a8ba3571dae2895ef63e31cc3afd\" ><h3>KERNKOMPETENZEN<\/h3>\n<hr \/>\n<p>Die micronex GmbH ist ein leistungsf\u00e4higer Partner in folgenden Bereichen:<\/p>\n<ul>\n<li>Projektmanagement<\/li>\n<li>Serienoptimierung &amp; Industrialisierung<\/li>\n<li>Entwicklung von Pr\u00fcf- &amp; Testkonzepten<\/li>\n<li>Pr\u00fcfmittelentwicklung &amp; &#8211; bau<\/li>\n<li>Material- &amp; Lieferlogistik mittels elektronischer Schnittstellen wie EDI<\/li>\n<li>Serienfertigung von Produkten &amp; Ger\u00e4ten<\/li>\n<li>L\u00f6tprozesse nach IPC-Norm<\/li>\n<li>Nutzentrennverfahren<\/li>\n<li>Baugruppen und Produktmontage<\/li>\n<li>Lackierung, Verguss, Q-Packing<\/li>\n<li>Aftersales &amp; Aftermarket Services<\/li>\n<li>Projekt- bzw. kundenspezifische JIT-Zellen<\/li>\n<\/ul><\/div><\/div>\n<div class=\"push\" style='height:30px'><\/div><\/div><\/div>\n<div class=\"row \"><div class=\"wpv-grid grid-5-6  first unextended\" style=\"padding-top:0px;padding-bottom:0px\" id=\"wpv-column-76fe5142e6e7f700ac7532f710a42332\" ><div class=\"row \"><div class=\"wpv-grid grid-1-1  first unextended\" style=\"padding-top:0px;padding-bottom:0px\" id=\"wpv-column-fce790a2cf744a07abe47da1e2d0dfb9\" ><h3>ZERTIFIZIERUNGEN<\/h3>\n<ul>\n<li>DIN EN ISO TS 16949 : 2016<\/li>\n<li>DIN EN ISO 9001: 2015<\/li>\n<li>DIN EN ISO 14001: 2015<\/li>\n<\/ul><\/div><\/div><\/div><\/div><\/div>\n<div class=\"wpv-grid grid-1-4  wpv-first-level unextended\" style=\"padding-top:0px;padding-bottom:0px\" id=\"wpv-column-ccb48037358b5fe1a23723c29bee28ab\" ><div class=\"row \"><div class=\"wpv-grid grid-1-1  first has-background unextended\" style=\"background-color:#f0f0f0;padding-top:0px;padding-bottom:0px\" id=\"wpv-column-0518b5c172a2c583e35830dfde02dc1d\" ><style>#wpv-column-0518b5c172a2c583e35830dfde02dc1d p,#wpv-column-0518b5c172a2c583e35830dfde02dc1d em,#wpv-column-0518b5c172a2c583e35830dfde02dc1d .column-title,#wpv-column-0518b5c172a2c583e35830dfde02dc1d .sep-text h2.regular-title-wrapper,#wpv-column-0518b5c172a2c583e35830dfde02dc1d .text-divider-double,#wpv-column-0518b5c172a2c583e35830dfde02dc1d .sep-text .sep-text-line,#wpv-column-0518b5c172a2c583e35830dfde02dc1d .sep,#wpv-column-0518b5c172a2c583e35830dfde02dc1d .sep-2,#wpv-column-0518b5c172a2c583e35830dfde02dc1d .sep-3,#wpv-column-0518b5c172a2c583e35830dfde02dc1d td,#wpv-column-0518b5c172a2c583e35830dfde02dc1d th,#wpv-column-0518b5c172a2c583e35830dfde02dc1d caption{color:#717171;}#wpv-column-0518b5c172a2c583e35830dfde02dc1d:before{background-color:transparent;}<\/style><div class=\"row \"><div class=\"wpv-grid grid-1-1  first unextended\" style=\"padding-top:0px;padding-bottom:0px\" id=\"wpv-column-a82deb977894de7ff125ac07f753cc57\" ><h3>KONTAKT<\/h3>\n<hr \/><\/div><\/div>\n<div class=\"row \"><div class=\"wpv-grid grid-1-1  first unextended\" style=\"padding-top:0px;padding-bottom:0px\" id=\"wpv-column-55dd53b5fc38f8848b8995d1a3bf34f3\" >\n<div class=\"contact_info_wrap\">\n\t\t\t<p><span class='icon shortcode   use-hover' style='color:#4a4f55;'>&#57610;<\/span>micronex GmbH<\/p>\n\t\n\t\t\t<p><a href=\"tel:+49 (0) 5044\/9525-0\" title=\"Call micronex GmbH\"><span class='icon shortcode theme  use-hover' style='color:#4a4f55;'>&#57382;<\/span>+49 (0) 5044\/9525-0<\/a><\/p>\n\t\n\t\t\t<p><a href=\"tel:+49 (0) 5044\/9525-25\" title=\"Call micronex GmbH\"><span class='icon shortcode theme  use-hover' style='color:#4a4f55;'>&#57361;<\/span>+49 (0) 5044\/9525-25<\/a><\/p>\n\t\n\t\t\t<p><a href=\"mailto:info@micronex.de\" ><span class='icon shortcode theme  use-hover' style='color:#4a4f55;'>&#57353;<\/span>info@micronex.de<\/a><\/p>\n\t\n\t\t\t<p><span class=\"contact_address\"><span class='icon shortcode theme  use-hover' style='color:#4a4f55;'>&#57367;<\/span>S\u00f6lterreeke 5<br \/>\n31832 Springe<\/span><\/p>\n\t\n<\/div>\n<\/div><\/div>\n<div class=\"row \"><div class=\"wpv-grid grid-1-1  first unextended\" style=\"padding-top:0px;padding-bottom:0px\" id=\"wpv-column-fe7b73fc3d6f42a6cd7b8c42949efb76\" ><p><a href=\"http:\/\/www.micronex.de\" target=\"_blank\" rel=\"noopener\">www.micronex.de<\/a><\/div><\/div><\/div><\/div>\n<div class=\"row \"><div class=\"wpv-grid grid-1-1  first unextended\" style=\"padding-top:0px;padding-bottom:0px\" id=\"wpv-column-5834e07b6a65e76659fd9ebc38f97baf\" ><div class=\"row \"><div class=\"wpv-grid grid-1-1  first unextended\" style=\"padding-top:0px;padding-bottom:0px\" id=\"wpv-column-18d9d9d0326bbc83c2164920f6f18e4e\" ><p><a href=\"https:\/\/www.netvert-verbund.de\/wp-content\/uploads\/2015\/06\/micronex_netvert_macovision_landkarte_250x330.png\"><img loading=\"lazy\" decoding=\"async\" class=\"alignnone size-full wp-image-9889\" src=\"https:\/\/www.netvert-verbund.de\/wp-content\/uploads\/2015\/06\/micronex_netvert_macovision_landkarte_250x330.png\" alt=\"micronex_netvert_macovision_landkarte_250x330\" width=\"250\" height=\"329\" srcset=\"https:\/\/netvert-verbund.de\/wp-content\/uploads\/2015\/06\/micronex_netvert_macovision_landkarte_250x330.png 250w, https:\/\/netvert-verbund.de\/wp-content\/uploads\/2015\/06\/micronex_netvert_macovision_landkarte_250x330-228x300.png 228w\" sizes=\"(max-width: 250px) 100vw, 250px\" \/><\/a><\/div><\/div><\/div><\/div><\/div><\/div>\n<div class=\"row \"><div class=\"wpv-grid grid-1-1  wpv-first-level first unextended\" style=\"padding-top:0px;padding-bottom:0px\" id=\"wpv-column-b32e92016dc7d72e45ae20bfcbede0f9\" >\t\t<div class=\"sep-text single centered\">\n\t\t\t\t\t\t\t<span class=\"sep-text-before\"><div class=\"sep-text-line\"><\/div><\/span>\n\t\t\t\t\t\t<div class=\"content\">\n\t\t\t\t<h2 class=\"text-divider-double\">Die micronex in Bildern<\/h2>\t\t\t<\/div>\n\t\t\t<span class=\"sep-text-after\"><div class=\"sep-text-line\"><\/div><\/span>\n\t\t\t\t\t<\/div>\n\t\n<section class=\"portfolios normal clearfix title-below has-description \" id=\"69e08d3534e75\">\n\t\t<div class=\"portfolio-items vamtam-cubeportfolio cbp portfolio-items \" data-columns=\"2\" data-options=\"{&quot;layoutMode&quot;:&quot;grid&quot;,&quot;defaultFilter&quot;:&quot;*&quot;,&quot;animationType&quot;:&quot;slideDelay&quot;,&quot;gapHorizontal&quot;:30,&quot;gapVertical&quot;:30,&quot;gridAdjustment&quot;:&quot;responsive&quot;,&quot;mediaQueries&quot;:[{&quot;width&quot;:555,&quot;cols&quot;:2},{&quot;width&quot;:262.5,&quot;cols&quot;:1}],&quot;displayType&quot;:&quot;bottomToTop&quot;,&quot;displayTypeSpeed&quot;:100,&quot;showPagination&quot;:false}\" data-hidden-by-filters=\"New items were loaded, but they are hidden because of your choice of filters\">\n\t\t<div data-id=\"9718\" data-type=\"micronex\" class=\"has-title has-description grid-1-2 has-button state-closed vamtam-project cbp-item\" style=\"width: 50%\">\n\t<div class=\"portfolio-item-wrapper\">\n\t\t\t\t<div class=\"portfolio-image\">\n\t\t\t<div class=\"thumbnail\" style=\"max-height:400px\">\n\t\t\t\t\t\t\t\t\t\t<a href=\"https:\/\/netvert-verbund.de\/wp-content\/uploads\/2015\/06\/micronex_netvert_macovision_smd-bestueckung.jpg\" class=\"meta  vamtam-lightbox\"  rel=\"portfolio_319\">\n\t\t\t\t\t\t\t<img loading=\"lazy\" decoding=\"async\" width=\"555\" height=\"370\" src=\"https:\/\/netvert-verbund.de\/wp-content\/uploads\/2015\/06\/micronex_netvert_macovision_smd-bestueckung-555x370.jpg\" class=\"attachment-portfolio-loop-2 size-portfolio-loop-2 wp-post-image\" alt=\"\" srcset=\"https:\/\/netvert-verbund.de\/wp-content\/uploads\/2015\/06\/micronex_netvert_macovision_smd-bestueckung-555x370.jpg 555w, https:\/\/netvert-verbund.de\/wp-content\/uploads\/2015\/06\/micronex_netvert_macovision_smd-bestueckung-300x200.jpg 300w, https:\/\/netvert-verbund.de\/wp-content\/uploads\/2015\/06\/micronex_netvert_macovision_smd-bestueckung-768x512.jpg 768w, https:\/\/netvert-verbund.de\/wp-content\/uploads\/2015\/06\/micronex_netvert_macovision_smd-bestueckung-1024x683.jpg 1024w, https:\/\/netvert-verbund.de\/wp-content\/uploads\/2015\/06\/micronex_netvert_macovision_smd-bestueckung-600x400.jpg 600w, https:\/\/netvert-verbund.de\/wp-content\/uploads\/2015\/06\/micronex_netvert_macovision_smd-bestueckung.jpg 1140w, https:\/\/netvert-verbund.de\/wp-content\/uploads\/2015\/06\/micronex_netvert_macovision_smd-bestueckung-360x240.jpg 360w, https:\/\/netvert-verbund.de\/wp-content\/uploads\/2015\/06\/micronex_netvert_macovision_smd-bestueckung-262x175.jpg 262w\" sizes=\"(min-width: 900px) 50vw, 100vw\" \/>\t\t\t\t\t\t<\/a>\n\t\t\t\t\t\t\t<\/div><!-- \/ .thumbnail -->\n\t\t<\/div>\n\n\t\t\t\t\t<div class=\"portfolio_details\">\n\t\t\t\t\t\t\t\t\t<h3 class=\"title\">\n\t\t\t\t\t\t<a href=\"https:\/\/netvert-verbund.de\/index.php\/portfolio\/smd\/\" class=\"entry-title\">SMD<\/a>\n\t\t\t\t\t<\/h3>\n\t\t\t\t\t\t\t\t\t\t\t\t\t<div class=\"excerpt\"><p>Muster- und Kleinserienfertigung sowie Mittel- und Gro\u00dfserienfertigung geh\u00f6ren zum Dienstleistungsportfolio der micronex GmbH.<\/p>\n<\/div>\n\t\t\t\t\t\t\t<\/div>\n\t\t\t<\/div>\n<\/div><div data-id=\"9717\" data-type=\"micronex\" class=\"has-title has-description grid-1-2 has-button state-closed vamtam-project cbp-item\" style=\"width: 50%\">\n\t<div class=\"portfolio-item-wrapper\">\n\t\t\t\t<div class=\"portfolio-image\">\n\t\t\t<div class=\"thumbnail\" style=\"max-height:400px\">\n\t\t\t\t\t\t\t\t\t\t<a href=\"https:\/\/netvert-verbund.de\/wp-content\/uploads\/2015\/06\/micronex_netvert_macovision_tht.jpg\" class=\"meta  vamtam-lightbox\"  rel=\"portfolio_319\">\n\t\t\t\t\t\t\t<img loading=\"lazy\" decoding=\"async\" width=\"555\" height=\"370\" src=\"https:\/\/netvert-verbund.de\/wp-content\/uploads\/2015\/06\/micronex_netvert_macovision_tht-555x370.jpg\" class=\"attachment-portfolio-loop-2 size-portfolio-loop-2 wp-post-image\" alt=\"\" srcset=\"https:\/\/netvert-verbund.de\/wp-content\/uploads\/2015\/06\/micronex_netvert_macovision_tht-555x370.jpg 555w, https:\/\/netvert-verbund.de\/wp-content\/uploads\/2015\/06\/micronex_netvert_macovision_tht-300x200.jpg 300w, https:\/\/netvert-verbund.de\/wp-content\/uploads\/2015\/06\/micronex_netvert_macovision_tht-768x512.jpg 768w, https:\/\/netvert-verbund.de\/wp-content\/uploads\/2015\/06\/micronex_netvert_macovision_tht-1024x683.jpg 1024w, https:\/\/netvert-verbund.de\/wp-content\/uploads\/2015\/06\/micronex_netvert_macovision_tht-600x400.jpg 600w, https:\/\/netvert-verbund.de\/wp-content\/uploads\/2015\/06\/micronex_netvert_macovision_tht.jpg 1140w, https:\/\/netvert-verbund.de\/wp-content\/uploads\/2015\/06\/micronex_netvert_macovision_tht-360x240.jpg 360w, https:\/\/netvert-verbund.de\/wp-content\/uploads\/2015\/06\/micronex_netvert_macovision_tht-262x175.jpg 262w\" sizes=\"(min-width: 900px) 50vw, 100vw\" \/>\t\t\t\t\t\t<\/a>\n\t\t\t\t\t\t\t<\/div><!-- \/ .thumbnail -->\n\t\t<\/div>\n\n\t\t\t\t\t<div class=\"portfolio_details\">\n\t\t\t\t\t\t\t\t\t<h3 class=\"title\">\n\t\t\t\t\t\t<a href=\"https:\/\/netvert-verbund.de\/index.php\/portfolio\/tht\/\" class=\"entry-title\">THT<\/a>\n\t\t\t\t\t<\/h3>\n\t\t\t\t\t\t\t\t\t\t\t\t\t<div class=\"excerpt\"><p>Bleihaltige und RoHS-konforme L\u00f6twellen (turbulent und laminar) sowie bleihaltige und RoHS-konforme Selektivl\u00f6tanlagen.<\/p>\n<\/div>\n\t\t\t\t\t\t\t<\/div>\n\t\t\t<\/div>\n<\/div><div data-id=\"9716\" data-type=\"micronex\" class=\"has-title has-description grid-1-2 has-button state-closed vamtam-project cbp-item\" style=\"width: 50%\">\n\t<div class=\"portfolio-item-wrapper\">\n\t\t\t\t<div class=\"portfolio-image\">\n\t\t\t<div class=\"thumbnail\" style=\"max-height:400px\">\n\t\t\t\t\t\t\t\t\t\t<a href=\"https:\/\/netvert-verbund.de\/wp-content\/uploads\/2015\/06\/micronex_netvert_macovision_coating_1140x760.jpg\" class=\"meta  vamtam-lightbox\"  rel=\"portfolio_319\">\n\t\t\t\t\t\t\t<img loading=\"lazy\" decoding=\"async\" width=\"555\" height=\"370\" src=\"https:\/\/netvert-verbund.de\/wp-content\/uploads\/2015\/06\/micronex_netvert_macovision_coating_1140x760-555x370.jpg\" class=\"attachment-portfolio-loop-2 size-portfolio-loop-2 wp-post-image\" alt=\"\" srcset=\"https:\/\/netvert-verbund.de\/wp-content\/uploads\/2015\/06\/micronex_netvert_macovision_coating_1140x760-555x370.jpg 555w, https:\/\/netvert-verbund.de\/wp-content\/uploads\/2015\/06\/micronex_netvert_macovision_coating_1140x760-300x200.jpg 300w, https:\/\/netvert-verbund.de\/wp-content\/uploads\/2015\/06\/micronex_netvert_macovision_coating_1140x760-1024x683.jpg 1024w, https:\/\/netvert-verbund.de\/wp-content\/uploads\/2015\/06\/micronex_netvert_macovision_coating_1140x760-600x400.jpg 600w, https:\/\/netvert-verbund.de\/wp-content\/uploads\/2015\/06\/micronex_netvert_macovision_coating_1140x760.jpg 1140w, https:\/\/netvert-verbund.de\/wp-content\/uploads\/2015\/06\/micronex_netvert_macovision_coating_1140x760-360x240.jpg 360w, https:\/\/netvert-verbund.de\/wp-content\/uploads\/2015\/06\/micronex_netvert_macovision_coating_1140x760-262x175.jpg 262w\" sizes=\"(min-width: 900px) 50vw, 100vw\" \/>\t\t\t\t\t\t<\/a>\n\t\t\t\t\t\t\t<\/div><!-- \/ .thumbnail -->\n\t\t<\/div>\n\n\t\t\t\t\t<div class=\"portfolio_details\">\n\t\t\t\t\t\t\t\t\t<h3 class=\"title\">\n\t\t\t\t\t\t<a href=\"https:\/\/netvert-verbund.de\/index.php\/portfolio\/coating-q-packing\/\" class=\"entry-title\">Coating &#038; Q-Packing<\/a>\n\t\t\t\t\t<\/h3>\n\t\t\t\t\t\t\t\t\t\t\t\t\t<div class=\"excerpt\"><p>Selektive Lackieranlage von Nordson Asymtech mit In-Line Transport (2 Lacksysteme, spr\u00fchnebelfreies System zur konturscharfen Beschichtung mit Dispenskopf f\u00fcr thixotrope Massen) &#038; Q-Packing (Verguss und Molding mit unterschiedlichen 2K-Systemen)<\/p>\n<\/div>\n\t\t\t\t\t\t\t<\/div>\n\t\t\t<\/div>\n<\/div><div data-id=\"9901\" data-type=\"micronex\" class=\"has-title has-description grid-1-2 has-button state-closed vamtam-project cbp-item\" style=\"width: 50%\">\n\t<div class=\"portfolio-item-wrapper\">\n\t\t\t\t<div class=\"portfolio-image\">\n\t\t\t<div class=\"thumbnail\" style=\"max-height:400px\">\n\t\t\t\t\t\t\t\t\t\t<a href=\"https:\/\/netvert-verbund.de\/wp-content\/uploads\/2015\/06\/micronex_netvert_macovision_prueffeld_1140x760.jpg\" class=\"meta  vamtam-lightbox\"  rel=\"portfolio_319\">\n\t\t\t\t\t\t\t<img loading=\"lazy\" decoding=\"async\" width=\"555\" height=\"370\" src=\"https:\/\/netvert-verbund.de\/wp-content\/uploads\/2015\/06\/micronex_netvert_macovision_prueffeld_1140x760-555x370.jpg\" class=\"attachment-portfolio-loop-2 size-portfolio-loop-2 wp-post-image\" alt=\"\" srcset=\"https:\/\/netvert-verbund.de\/wp-content\/uploads\/2015\/06\/micronex_netvert_macovision_prueffeld_1140x760-555x370.jpg 555w, https:\/\/netvert-verbund.de\/wp-content\/uploads\/2015\/06\/micronex_netvert_macovision_prueffeld_1140x760-300x200.jpg 300w, https:\/\/netvert-verbund.de\/wp-content\/uploads\/2015\/06\/micronex_netvert_macovision_prueffeld_1140x760-1024x683.jpg 1024w, https:\/\/netvert-verbund.de\/wp-content\/uploads\/2015\/06\/micronex_netvert_macovision_prueffeld_1140x760-600x400.jpg 600w, https:\/\/netvert-verbund.de\/wp-content\/uploads\/2015\/06\/micronex_netvert_macovision_prueffeld_1140x760.jpg 1140w, https:\/\/netvert-verbund.de\/wp-content\/uploads\/2015\/06\/micronex_netvert_macovision_prueffeld_1140x760-360x240.jpg 360w, https:\/\/netvert-verbund.de\/wp-content\/uploads\/2015\/06\/micronex_netvert_macovision_prueffeld_1140x760-262x175.jpg 262w\" sizes=\"(min-width: 900px) 50vw, 100vw\" \/>\t\t\t\t\t\t<\/a>\n\t\t\t\t\t\t\t<\/div><!-- \/ .thumbnail -->\n\t\t<\/div>\n\n\t\t\t\t\t<div class=\"portfolio_details\">\n\t\t\t\t\t\t\t\t\t<h3 class=\"title\">\n\t\t\t\t\t\t<a href=\"https:\/\/netvert-verbund.de\/index.php\/portfolio\/pruffeld\/\" class=\"entry-title\">Pr\u00fcffeld<\/a>\n\t\t\t\t\t<\/h3>\n\t\t\t\t\t\t\t\t\t\t\t\t\t<div class=\"excerpt\"><p>In Circuit Test (ICT) mit bis zu 1024 Nadeln von Rohde &#038; Schwarz TSA\/TSVP und GenRad Stinger sowie Entwicklung von Testkonzepten und Pr\u00fcfmittelbau.<\/p>\n<\/div>\n\t\t\t\t\t\t\t<\/div>\n\t\t\t<\/div>\n<\/div>\t<\/div>\n\t<\/section>\n\n<\/div><\/div>\n","protected":false},"excerpt":{"rendered":"","protected":false},"author":6,"featured_media":0,"parent":0,"menu_order":0,"comment_status":"closed","ping_status":"closed","template":"","meta":{"footnotes":""},"_links":{"self":[{"href":"https:\/\/netvert-verbund.de\/index.php\/wp-json\/wp\/v2\/pages\/9711"}],"collection":[{"href":"https:\/\/netvert-verbund.de\/index.php\/wp-json\/wp\/v2\/pages"}],"about":[{"href":"https:\/\/netvert-verbund.de\/index.php\/wp-json\/wp\/v2\/types\/page"}],"author":[{"embeddable":true,"href":"https:\/\/netvert-verbund.de\/index.php\/wp-json\/wp\/v2\/users\/6"}],"replies":[{"embeddable":true,"href":"https:\/\/netvert-verbund.de\/index.php\/wp-json\/wp\/v2\/comments?post=9711"}],"version-history":[{"count":13,"href":"https:\/\/netvert-verbund.de\/index.php\/wp-json\/wp\/v2\/pages\/9711\/revisions"}],"predecessor-version":[{"id":10341,"href":"https:\/\/netvert-verbund.de\/index.php\/wp-json\/wp\/v2\/pages\/9711\/revisions\/10341"}],"wp:attachment":[{"href":"https:\/\/netvert-verbund.de\/index.php\/wp-json\/wp\/v2\/media?parent=9711"}],"curies":[{"name":"wp","href":"https:\/\/api.w.org\/{rel}","templated":true}]}}