{"id":9728,"date":"2015-06-17T14:38:57","date_gmt":"2015-06-17T14:38:57","guid":{"rendered":"http:\/\/www.netvert-verbund.de\/?page_id=9728"},"modified":"2025-10-23T13:41:36","modified_gmt":"2025-10-23T12:41:36","slug":"metalution-gmbh","status":"publish","type":"page","link":"https:\/\/netvert-verbund.de\/index.php\/metalution-gmbh\/","title":{"rendered":"metalution"},"content":{"rendered":"<div class=\"row \"><div class=\"wpv-grid grid-1-1  wpv-first-level first unextended\" style=\"padding-top:0px;padding-bottom:0px\" id=\"wpv-column-6471357d3b538f96d8cd84e571a31fc2\" ><h3><span class=\"accent-1\">Die metalution GmbH hat eine \u00fcber 30-j\u00e4hrige Tradition als zuverl\u00e4ssiger Partner in der Zerspanungstechnik f\u00fcr h\u00f6chste Anspr\u00fcche an Qualit\u00e4t und Zuverl\u00e4ssigkeit. Mit 16 Fr\u00e4smaschinen, 5 Schleifmaschinen, 1 Laseranlage und 1 Wasserstrahlschneidanlage realisieren die rund 50 Mitarbeiter des Unternehmens die Kundenauftr\u00e4ge mit umfangreichem Know-How und h\u00f6chster Pr\u00e4zision.<\/span><\/h3><\/div><\/div>\n<div class=\"sep\"><\/div>\n<div class=\"row \"><div class=\"wpv-grid grid-2-5  wpv-first-level first unextended\" style=\"padding-top:0px;padding-bottom:0px\" id=\"wpv-column-a662aeae262ae2e3c03b8aaef8a2009c\" ><div class=\"row \"><div class=\"wpv-grid grid-5-6  first unextended\" style=\"padding-top:0px;padding-bottom:0px\" id=\"wpv-column-f97c2d60d9c213dd212694ad09f403e2\" ><h3 style=\"padding-left: 10px;\">CHRONIK<\/h3>\n<hr \/>\n<h3 style=\"padding-left: 10px;\"><span class=\"accent-1\">\u2013 1979<\/span>\u00a0Gr\u00fcndung<\/h3>\n<p>Firmengr\u00fcndung in Franken, Beginn als Fr\u00e4serei mit einer &#8220;MAHO 400&#8220; Fr\u00e4smaschine.<\/p>\n<div class=\"push\" style='height:20px'><\/div>\n<h3 style=\"padding-left: 10px;\"><span class=\"accent-1\">\u2013 1990<\/span>\u00a0Erweiterung<\/h3>\n<p>Bau eines Firmengeb\u00e4udes mit B\u00fcrotrakt, seitdem Investitionen\u00a0in H\u00f6he von mehr als 20 Mio. Euro.<\/p>\n<p style=\"padding-left: 10px;\"><div class=\"push\" style='height:20px'><\/div>\n<h3 style=\"padding-left: 10px;\"><span class=\"accent-1\">\u2013\u00a01997\u00a0<\/span>Neuer Standort<\/h3>\n<p>Er\u00f6ffnung eines weiteren modernen Standorts\u00a0in\u00a0Neuhaus-Schierschnitz, Anschaffung zus\u00e4tzlicher Bettfr\u00e4smaschinen mit 3.700 mm Fr\u00e4sl\u00e4nge und Laufwagen-Schleifmaschinen.<\/p>\n<p><span style=\"line-height: 1.5;\"><div class=\"push\" style='height:20px'><\/div><\/span><\/p>\n<h3 style=\"padding-left: 10px;\"><span class=\"accent-1\">\u2013 2009<\/span>\u00a0Weitere Investitionen<\/h3>\n<p>Erneute Erweiterung des Maschinenparks f\u00fcr Gro\u00dfteilfertigung bis zu 15 t Gesamtgewicht und\u00a0Ausbau der Hallenkapazit\u00e4t; Einf\u00fchrung moderner Logistikabl\u00e4ufe.<\/p>\n<p><span style=\"line-height: 1.5;\"><div class=\"push\" style='height:20px'><\/div><\/span><\/p>\n<h3 style=\"padding-left: 10px;\"><span class=\"accent-1\">\u2013 2013<\/span>\u00a0Neuer Gesellschafter<\/h3>\n<p>Kauf durch die MFG Mons Ferreus GmbH und anschlie\u00dfende erfolgreiche Neuausrichtung.<\/p>\n<p><span style=\"line-height: 1.5;\"><div class=\"push\" style='height:20px'><\/div><\/span><\/p>\n<h3 style=\"padding-left: 10px;\"><span class=\"accent-1\">\u2013 2014\u00a0<\/span>Rebranding<\/h3>\n<p>Rebranding zur metalution GmbH &#8211; Die neue Wort-Bild-Marke spiegelt die\u00a0Vision des Unternehms erfolgreich wider &#8211; Verschmelzung der Worte<br \/>\nMetall (engl. metal)\u00a0 und L\u00f6sungen (engl. solution) zu \u201emetalution\u201c<\/p>\n<div class=\"push\" style='height:20px'><\/div>\n<h3><span class=\"accent-1\">\u2013 2022 &#8211; 2023 <\/span>Automatisierungsmeilenstein<\/h3>\n<p>Aufbau und Inbetriebnahme 5-Achs-Fr\u00e4szentrum von Makino<\/p>\n<div class=\"push\" style='height:20px'><\/div>\n<h3><span class=\"accent-1\">\u2013 2024 <\/span>Gr\u00fcndung Tochtergesellschaft<\/h3>\n<p>Gr\u00fcndung der metalution L\u00fcdenscheid GmbH im August<\/p>\n<div class=\"push\" style='height:20px'><\/div>\n<h3><span class=\"accent-1\">\u2013 2025\u00a0<\/span>Wechsel Gesch\u00e4ftsf\u00fchrung<\/h3>\n<p>Herr Timo Feuerpfeil neuer Gesch\u00e4ftsf\u00fchrer der metalution GmbH<\/p>\n<div class=\"push\" style='height:20px'><\/div><\/div><\/div><\/div>\n<div class=\"wpv-grid grid-1-3  wpv-first-level unextended\" style=\"padding-top:0px;padding-bottom:0px\" id=\"wpv-column-60daa0d0804fa5e037ffdc8629b89e65\" ><div class=\"row \"><div class=\"wpv-grid grid-5-6  first unextended\" style=\"padding-top:0px;padding-bottom:0px\" id=\"wpv-column-b74c4d7f7de2d6a1607e1d0f212e2c3e\" ><div class=\"row \"><div class=\"wpv-grid grid-1-1  first unextended\" style=\"padding-top:0px;padding-bottom:0px\" id=\"wpv-column-d05c3edea96769643af86010dd3c4514\" ><h3>KERNKOMPETENZEN<\/h3>\n<hr \/>\n<p>Die metalution GmbH bietet mit h\u00f6chster Pr\u00e4zision die nachfolgenden Arbeitsschritte an:<\/p>\n<ul>\n<li>Fr\u00e4sen<\/li>\n<li>Schleifen<\/li>\n<li>Wasserstrahlschneiden<\/li>\n<li>Laserbeschriftung<\/li>\n<li>Baugruppenmontagen<\/li>\n<li>Werkzeuge schleifen<\/li>\n<\/ul>\n<p>Die Bearbeitungsgr\u00f6\u00dfen reichen bis maximal 6.000 x 3.500 x 1.300 mm und maximal 15 t Tischbelastung. Das Team der metalution GmbH bearbeitet f\u00fcr seine Kunden die Werkstoffe Stahl, Aluminium, Guss und Titan.<\/div><\/div>\n<div class=\"push\" style='height:30px'><\/div><\/div><\/div>\n<div class=\"row \"><div class=\"wpv-grid grid-5-6  first unextended\" style=\"padding-top:0px;padding-bottom:0px\" id=\"wpv-column-1bfb7918af5377dff622d4150f10a963\" ><div class=\"row \"><div class=\"wpv-grid grid-1-1  first unextended\" style=\"padding-top:0px;padding-bottom:0px\" id=\"wpv-column-12ebd7b2fdd1f215ac001d240608c8c5\" ><h3>ZERTIFIZIERUNGEN<\/h3>\n<ul>\n<li>DIN EN ISO 9001 : 2015<\/li>\n<\/ul><\/div><\/div><\/div><\/div><\/div>\n<div class=\"wpv-grid grid-1-4  wpv-first-level unextended\" style=\"padding-top:0px;padding-bottom:0px\" id=\"wpv-column-42593ac97efd6a3801bc7306ccc5dd7b\" ><div class=\"row \"><div class=\"wpv-grid grid-1-1  first has-background unextended\" style=\"background-color:#f0f0f0;padding-top:0px;padding-bottom:0px\" id=\"wpv-column-6903fbb1f48fdd42702df2244b53cc47\" ><style>#wpv-column-6903fbb1f48fdd42702df2244b53cc47 p,#wpv-column-6903fbb1f48fdd42702df2244b53cc47 em,#wpv-column-6903fbb1f48fdd42702df2244b53cc47 .column-title,#wpv-column-6903fbb1f48fdd42702df2244b53cc47 .sep-text h2.regular-title-wrapper,#wpv-column-6903fbb1f48fdd42702df2244b53cc47 .text-divider-double,#wpv-column-6903fbb1f48fdd42702df2244b53cc47 .sep-text .sep-text-line,#wpv-column-6903fbb1f48fdd42702df2244b53cc47 .sep,#wpv-column-6903fbb1f48fdd42702df2244b53cc47 .sep-2,#wpv-column-6903fbb1f48fdd42702df2244b53cc47 .sep-3,#wpv-column-6903fbb1f48fdd42702df2244b53cc47 td,#wpv-column-6903fbb1f48fdd42702df2244b53cc47 th,#wpv-column-6903fbb1f48fdd42702df2244b53cc47 caption{color:#717171;}#wpv-column-6903fbb1f48fdd42702df2244b53cc47:before{background-color:transparent;}<\/style><div class=\"row \"><div class=\"wpv-grid grid-1-1  first unextended\" style=\"padding-top:0px;padding-bottom:0px\" id=\"wpv-column-f07d9420fd5f2d0fd05eb35de2df4d2c\" >\n<div class=\"contact_info_wrap\">\n\t\t\t<p><span class='icon shortcode   use-hover' style='color:#4a4f55;'>&#57610;<\/span>metalution GmbH<\/p>\n\t\n\t\t\t<p><a href=\"tel:+49 (0) 36764\/777-0\" title=\"Call metalution GmbH\"><span class='icon shortcode theme  use-hover' style='color:#4a4f55;'>&#57382;<\/span>+49 (0) 36764\/777-0<\/a><\/p>\n\t\n\t\t\t<p><a href=\"tel:+49 (0) 36764\/777-77\" title=\"Call metalution GmbH\"><span class='icon shortcode theme  use-hover' style='color:#4a4f55;'>&#57361;<\/span>+49 (0) 36764\/777-77<\/a><\/p>\n\t\n\t\t\t<p><a href=\"mailto:info@metalution.de\" ><span class='icon shortcode theme  use-hover' style='color:#4a4f55;'>&#57353;<\/span>info@metalution.de<\/a><\/p>\n\t\n\t\t\t<p><span class=\"contact_address\"><span class='icon shortcode theme  use-hover' style='color:#4a4f55;'>&#57367;<\/span>Industriestra\u00dfe 10<br \/>\n96524 Neuhaus-Schierschnitz<\/span><\/p>\n\t\n<\/div>\n<\/div><\/div>\n<div class=\"row \"><div class=\"wpv-grid grid-1-1  first unextended\" style=\"padding-top:0px;padding-bottom:0px\" id=\"wpv-column-04bb0af8d1343495c1f91c5564d74448\" ><p><a href=\"http:\/\/www.metalution.de\" target=\"_blank\" rel=\"noopener\">www.metalution.de<\/a><\/div><\/div><\/div><\/div>\n<div class=\"row \"><div class=\"wpv-grid grid-1-1  first unextended\" style=\"padding-top:0px;padding-bottom:0px\" id=\"wpv-column-95e5d157318562286a80259c7101b73a\" ><div class=\"row \"><div class=\"wpv-grid grid-1-1  first unextended\" style=\"padding-top:0px;padding-bottom:0px\" id=\"wpv-column-f5943dfb5d0d72cc093e1c0b19843c81\" ><p><a href=\"https:\/\/www.netvert-verbund.de\/wp-content\/uploads\/2015\/06\/metalution_netvert_macovision_landkarte_250x330.png\"><img loading=\"lazy\" decoding=\"async\" class=\"alignnone size-full wp-image-9888\" src=\"https:\/\/www.netvert-verbund.de\/wp-content\/uploads\/2015\/06\/metalution_netvert_macovision_landkarte_250x330.png\" alt=\"metalution_netvert_macovision_landkarte_250x330\" width=\"250\" height=\"330\" srcset=\"https:\/\/netvert-verbund.de\/wp-content\/uploads\/2015\/06\/metalution_netvert_macovision_landkarte_250x330.png 250w, https:\/\/netvert-verbund.de\/wp-content\/uploads\/2015\/06\/metalution_netvert_macovision_landkarte_250x330-227x300.png 227w\" sizes=\"(max-width: 250px) 100vw, 250px\" \/><\/a><\/div><\/div><\/div><\/div><\/div><\/div>\n<div class=\"row \"><div class=\"wpv-grid grid-1-1  wpv-first-level first unextended\" style=\"padding-top:0px;padding-bottom:0px\" id=\"wpv-column-c550a64d957a24f12c56b11535652dd2\" >\t\t<div class=\"sep-text single centered\">\n\t\t\t\t\t\t\t<span class=\"sep-text-before\"><div class=\"sep-text-line\"><\/div><\/span>\n\t\t\t\t\t\t<div class=\"content\">\n\t\t\t\t<h2 class=\"text-divider-double\">Die metalution GmbH in Bildern<\/h2>\t\t\t<\/div>\n\t\t\t<span class=\"sep-text-after\"><div class=\"sep-text-line\"><\/div><\/span>\n\t\t\t\t\t<\/div>\n\t\n<section class=\"portfolios normal clearfix title-below has-description \" id=\"69e08bcc82a04\">\n\t\t<div class=\"portfolio-items vamtam-cubeportfolio cbp portfolio-items \" data-columns=\"2\" data-options=\"{&quot;layoutMode&quot;:&quot;grid&quot;,&quot;defaultFilter&quot;:&quot;*&quot;,&quot;animationType&quot;:&quot;slideDelay&quot;,&quot;gapHorizontal&quot;:30,&quot;gapVertical&quot;:30,&quot;gridAdjustment&quot;:&quot;responsive&quot;,&quot;mediaQueries&quot;:[{&quot;width&quot;:555,&quot;cols&quot;:2},{&quot;width&quot;:262.5,&quot;cols&quot;:1}],&quot;displayType&quot;:&quot;bottomToTop&quot;,&quot;displayTypeSpeed&quot;:100,&quot;showPagination&quot;:false}\" data-hidden-by-filters=\"New items were loaded, but they are hidden because of your choice of filters\">\n\t\t<div data-id=\"9900\" data-type=\"metalution\" class=\"has-title has-description grid-1-2 has-button state-closed vamtam-project cbp-item\" style=\"width: 50%\">\n\t<div class=\"portfolio-item-wrapper\">\n\t\t\t\t<div class=\"portfolio-image\">\n\t\t\t<div class=\"thumbnail\" style=\"max-height:400px\">\n\t\t\t\t\t\t\t\t\t\t<a href=\"https:\/\/netvert-verbund.de\/wp-content\/uploads\/2015\/06\/metalution_netvert_macovision_aussenansicht_1140x760.jpg\" class=\"meta  vamtam-lightbox\"  rel=\"portfolio_77\">\n\t\t\t\t\t\t\t<img loading=\"lazy\" decoding=\"async\" width=\"555\" height=\"370\" src=\"https:\/\/netvert-verbund.de\/wp-content\/uploads\/2015\/06\/metalution_netvert_macovision_aussenansicht_1140x760-555x370.jpg\" class=\"attachment-portfolio-loop-2 size-portfolio-loop-2 wp-post-image\" alt=\"\" srcset=\"https:\/\/netvert-verbund.de\/wp-content\/uploads\/2015\/06\/metalution_netvert_macovision_aussenansicht_1140x760-555x370.jpg 555w, https:\/\/netvert-verbund.de\/wp-content\/uploads\/2015\/06\/metalution_netvert_macovision_aussenansicht_1140x760-300x200.jpg 300w, https:\/\/netvert-verbund.de\/wp-content\/uploads\/2015\/06\/metalution_netvert_macovision_aussenansicht_1140x760-1024x683.jpg 1024w, https:\/\/netvert-verbund.de\/wp-content\/uploads\/2015\/06\/metalution_netvert_macovision_aussenansicht_1140x760-600x400.jpg 600w, https:\/\/netvert-verbund.de\/wp-content\/uploads\/2015\/06\/metalution_netvert_macovision_aussenansicht_1140x760.jpg 1140w, https:\/\/netvert-verbund.de\/wp-content\/uploads\/2015\/06\/metalution_netvert_macovision_aussenansicht_1140x760-360x240.jpg 360w, https:\/\/netvert-verbund.de\/wp-content\/uploads\/2015\/06\/metalution_netvert_macovision_aussenansicht_1140x760-262x175.jpg 262w\" sizes=\"(min-width: 900px) 50vw, 100vw\" \/>\t\t\t\t\t\t<\/a>\n\t\t\t\t\t\t\t<\/div><!-- \/ .thumbnail -->\n\t\t<\/div>\n\n\t\t\t\t\t<div class=\"portfolio_details\">\n\t\t\t\t\t\t\t\t\t<h3 class=\"title\">\n\t\t\t\t\t\t<a href=\"https:\/\/netvert-verbund.de\/index.php\/portfolio\/zerspanungstechnik-fur-hochste-anspruche\/\" class=\"entry-title\">Zerspanungstechnik f\u00fcr h\u00f6chste Anspr\u00fcche<\/a>\n\t\t\t\t\t<\/h3>\n\t\t\t\t\t\t\t\t\t\t\t\t\t<div class=\"excerpt\"><p>Unsere Schwerpunkte liegen in der Gro\u00dfteilebearbeitung. F\u00fcr Ihre Auftr\u00e4ge in den Bereichen Fr\u00e4sen, Schleifen und Wasserstrahlschneiden steht ein umfangreicher Maschinenpark zur Verf\u00fcgung.<\/p>\n<\/div>\n\t\t\t\t\t\t\t<\/div>\n\t\t\t<\/div>\n<\/div><div data-id=\"9897\" data-type=\"metalution\" class=\"has-title has-description grid-1-2 has-button state-closed vamtam-project cbp-item\" style=\"width: 50%\">\n\t<div class=\"portfolio-item-wrapper\">\n\t\t\t\t<div class=\"portfolio-image\">\n\t\t\t<div class=\"thumbnail\" style=\"max-height:400px\">\n\t\t\t\t\t\t\t\t\t\t<a href=\"https:\/\/netvert-verbund.de\/wp-content\/uploads\/2015\/06\/metalution_netvert_macovision_halle_1140x760.jpg\" class=\"meta  vamtam-lightbox\"  rel=\"portfolio_77\">\n\t\t\t\t\t\t\t<img loading=\"lazy\" decoding=\"async\" width=\"555\" height=\"370\" src=\"https:\/\/netvert-verbund.de\/wp-content\/uploads\/2015\/06\/metalution_netvert_macovision_halle_1140x760-555x370.jpg\" class=\"attachment-portfolio-loop-2 size-portfolio-loop-2 wp-post-image\" alt=\"\" srcset=\"https:\/\/netvert-verbund.de\/wp-content\/uploads\/2015\/06\/metalution_netvert_macovision_halle_1140x760-555x370.jpg 555w, https:\/\/netvert-verbund.de\/wp-content\/uploads\/2015\/06\/metalution_netvert_macovision_halle_1140x760-300x200.jpg 300w, https:\/\/netvert-verbund.de\/wp-content\/uploads\/2015\/06\/metalution_netvert_macovision_halle_1140x760-1024x683.jpg 1024w, https:\/\/netvert-verbund.de\/wp-content\/uploads\/2015\/06\/metalution_netvert_macovision_halle_1140x760-600x400.jpg 600w, https:\/\/netvert-verbund.de\/wp-content\/uploads\/2015\/06\/metalution_netvert_macovision_halle_1140x760.jpg 1140w, https:\/\/netvert-verbund.de\/wp-content\/uploads\/2015\/06\/metalution_netvert_macovision_halle_1140x760-360x240.jpg 360w, https:\/\/netvert-verbund.de\/wp-content\/uploads\/2015\/06\/metalution_netvert_macovision_halle_1140x760-262x175.jpg 262w\" sizes=\"(min-width: 900px) 50vw, 100vw\" \/>\t\t\t\t\t\t<\/a>\n\t\t\t\t\t\t\t<\/div><!-- \/ .thumbnail -->\n\t\t<\/div>\n\n\t\t\t\t\t<div class=\"portfolio_details\">\n\t\t\t\t\t\t\t\t\t<h3 class=\"title\">\n\t\t\t\t\t\t<a href=\"https:\/\/netvert-verbund.de\/index.php\/portfolio\/prazision-und-individualitat\/\" class=\"entry-title\">Pr\u00e4zision und Individualit\u00e4t<\/a>\n\t\t\t\t\t<\/h3>\n\t\t\t\t\t\t\t\t\t\t\t\t\t<div class=\"excerpt\"><p>Individuelle Einzel- und Serienfertigungen k\u00f6nnen vom Kleinstteil bis zu Teilen von 6 mal 3 Metern Gr\u00f6\u00dfe und 15 Tonnen St\u00fcckgewicht termingerecht bearbeitet werden.<\/p>\n<\/div>\n\t\t\t\t\t\t\t<\/div>\n\t\t\t<\/div>\n<\/div><div data-id=\"9734\" data-type=\"metalution\" class=\"has-title has-description grid-1-2 has-button state-closed vamtam-project cbp-item\" style=\"width: 50%\">\n\t<div class=\"portfolio-item-wrapper\">\n\t\t\t\t<div class=\"portfolio-image\">\n\t\t\t<div class=\"thumbnail\" style=\"max-height:400px\">\n\t\t\t\t\t\t\t\t\t\t<a href=\"https:\/\/netvert-verbund.de\/wp-content\/uploads\/2015\/06\/metalution_netvert_macovision_fraesen_1140x760.jpg\" class=\"meta  vamtam-lightbox\"  rel=\"portfolio_77\">\n\t\t\t\t\t\t\t<img loading=\"lazy\" decoding=\"async\" width=\"555\" height=\"370\" src=\"https:\/\/netvert-verbund.de\/wp-content\/uploads\/2015\/06\/metalution_netvert_macovision_fraesen_1140x760-555x370.jpg\" class=\"attachment-portfolio-loop-2 size-portfolio-loop-2 wp-post-image\" alt=\"\" srcset=\"https:\/\/netvert-verbund.de\/wp-content\/uploads\/2015\/06\/metalution_netvert_macovision_fraesen_1140x760-555x370.jpg 555w, https:\/\/netvert-verbund.de\/wp-content\/uploads\/2015\/06\/metalution_netvert_macovision_fraesen_1140x760-300x200.jpg 300w, https:\/\/netvert-verbund.de\/wp-content\/uploads\/2015\/06\/metalution_netvert_macovision_fraesen_1140x760-1024x683.jpg 1024w, https:\/\/netvert-verbund.de\/wp-content\/uploads\/2015\/06\/metalution_netvert_macovision_fraesen_1140x760-600x400.jpg 600w, https:\/\/netvert-verbund.de\/wp-content\/uploads\/2015\/06\/metalution_netvert_macovision_fraesen_1140x760.jpg 1140w, https:\/\/netvert-verbund.de\/wp-content\/uploads\/2015\/06\/metalution_netvert_macovision_fraesen_1140x760-360x240.jpg 360w, https:\/\/netvert-verbund.de\/wp-content\/uploads\/2015\/06\/metalution_netvert_macovision_fraesen_1140x760-262x175.jpg 262w\" sizes=\"(min-width: 900px) 50vw, 100vw\" \/>\t\t\t\t\t\t<\/a>\n\t\t\t\t\t\t\t<\/div><!-- \/ .thumbnail -->\n\t\t<\/div>\n\n\t\t\t\t\t<div class=\"portfolio_details\">\n\t\t\t\t\t\t\t\t\t<h3 class=\"title\">\n\t\t\t\t\t\t<a href=\"https:\/\/netvert-verbund.de\/index.php\/portfolio\/frasen\/\" class=\"entry-title\">Fr\u00e4sen<\/a>\n\t\t\t\t\t<\/h3>\n\t\t\t\t\t\t\t\t\t\t\t\t\t<div class=\"excerpt\"><p>Die metalution GmbH hat eine Vielzahl an Fr\u00e4smaschinen und Bearbeitungszentren unterschiedlicher Art im Einsatz und bearbeitet die Werkstoffe Stahl, Aluminium, Guss und Titan.<\/p>\n<\/div>\n\t\t\t\t\t\t\t<\/div>\n\t\t\t<\/div>\n<\/div><div data-id=\"9732\" data-type=\"metalution\" class=\"has-title has-description grid-1-2 has-button state-closed vamtam-project cbp-item\" style=\"width: 50%\">\n\t<div class=\"portfolio-item-wrapper\">\n\t\t\t\t<div class=\"portfolio-image\">\n\t\t\t<div class=\"thumbnail\" style=\"max-height:400px\">\n\t\t\t\t\t\t\t\t\t\t<a href=\"https:\/\/netvert-verbund.de\/wp-content\/uploads\/2018\/07\/netvert_metalution_wasserstrahlschneiden.jpg\" class=\"meta  vamtam-lightbox\"  rel=\"portfolio_77\">\n\t\t\t\t\t\t\t<img loading=\"lazy\" decoding=\"async\" width=\"555\" height=\"370\" src=\"https:\/\/netvert-verbund.de\/wp-content\/uploads\/2018\/07\/netvert_metalution_wasserstrahlschneiden-555x370.jpg\" class=\"attachment-portfolio-loop-2 size-portfolio-loop-2 wp-post-image\" alt=\"\" srcset=\"https:\/\/netvert-verbund.de\/wp-content\/uploads\/2018\/07\/netvert_metalution_wasserstrahlschneiden-555x370.jpg 555w, https:\/\/netvert-verbund.de\/wp-content\/uploads\/2018\/07\/netvert_metalution_wasserstrahlschneiden-300x200.jpg 300w, https:\/\/netvert-verbund.de\/wp-content\/uploads\/2018\/07\/netvert_metalution_wasserstrahlschneiden-768x512.jpg 768w, https:\/\/netvert-verbund.de\/wp-content\/uploads\/2018\/07\/netvert_metalution_wasserstrahlschneiden-1024x683.jpg 1024w, https:\/\/netvert-verbund.de\/wp-content\/uploads\/2018\/07\/netvert_metalution_wasserstrahlschneiden-600x400.jpg 600w, https:\/\/netvert-verbund.de\/wp-content\/uploads\/2018\/07\/netvert_metalution_wasserstrahlschneiden.jpg 1140w, https:\/\/netvert-verbund.de\/wp-content\/uploads\/2018\/07\/netvert_metalution_wasserstrahlschneiden-360x240.jpg 360w, https:\/\/netvert-verbund.de\/wp-content\/uploads\/2018\/07\/netvert_metalution_wasserstrahlschneiden-262x175.jpg 262w\" sizes=\"(min-width: 900px) 50vw, 100vw\" \/>\t\t\t\t\t\t<\/a>\n\t\t\t\t\t\t\t<\/div><!-- \/ .thumbnail -->\n\t\t<\/div>\n\n\t\t\t\t\t<div class=\"portfolio_details\">\n\t\t\t\t\t\t\t\t\t<h3 class=\"title\">\n\t\t\t\t\t\t<a href=\"https:\/\/netvert-verbund.de\/index.php\/portfolio\/wasserstrahlschneiden\/\" class=\"entry-title\">Wasserstrahlschneiden<\/a>\n\t\t\t\t\t<\/h3>\n\t\t\t\t\t\t\t\t\t\t\t\t\t<div class=\"excerpt\"><p>Durch den speziellen 5-Achsen\u2013Schneidkopf wird der nat\u00fcrliche Wasserstrahlkonus material,- und dickenspezifisch automatisch kompensiert. Das hei\u00dft, der Schnitt erfolgt rechtwinklig zur Werkst\u00fcckoberfl\u00e4che. Somit k\u00f6nnen Schnittgenauigkeiten von bis zu +\/- 0,02 mm erreicht werden.<\/p>\n<\/div>\n\t\t\t\t\t\t\t<\/div>\n\t\t\t<\/div>\n<\/div>\t<\/div>\n\t<\/section>\n\n<\/div><\/div>\n","protected":false},"excerpt":{"rendered":"","protected":false},"author":6,"featured_media":0,"parent":0,"menu_order":0,"comment_status":"closed","ping_status":"closed","template":"","meta":{"footnotes":""},"_links":{"self":[{"href":"https:\/\/netvert-verbund.de\/index.php\/wp-json\/wp\/v2\/pages\/9728"}],"collection":[{"href":"https:\/\/netvert-verbund.de\/index.php\/wp-json\/wp\/v2\/pages"}],"about":[{"href":"https:\/\/netvert-verbund.de\/index.php\/wp-json\/wp\/v2\/types\/page"}],"author":[{"embeddable":true,"href":"https:\/\/netvert-verbund.de\/index.php\/wp-json\/wp\/v2\/users\/6"}],"replies":[{"embeddable":true,"href":"https:\/\/netvert-verbund.de\/index.php\/wp-json\/wp\/v2\/comments?post=9728"}],"version-history":[{"count":14,"href":"https:\/\/netvert-verbund.de\/index.php\/wp-json\/wp\/v2\/pages\/9728\/revisions"}],"predecessor-version":[{"id":10343,"href":"https:\/\/netvert-verbund.de\/index.php\/wp-json\/wp\/v2\/pages\/9728\/revisions\/10343"}],"wp:attachment":[{"href":"https:\/\/netvert-verbund.de\/index.php\/wp-json\/wp\/v2\/media?parent=9728"}],"curies":[{"name":"wp","href":"https:\/\/api.w.org\/{rel}","templated":true}]}}