{"id":9982,"date":"2017-03-07T09:59:04","date_gmt":"2017-03-07T09:59:04","guid":{"rendered":"http:\/\/www.netvert-verbund.de\/?page_id=9982"},"modified":"2026-04-21T12:20:57","modified_gmt":"2026-04-21T11:20:57","slug":"seraplant","status":"publish","type":"page","link":"https:\/\/netvert-verbund.de\/index.php\/seraplant\/","title":{"rendered":"Seraplant GmbH"},"content":{"rendered":"<div class=\"row \"><div class=\"wpv-grid grid-1-1  wpv-first-level first unextended\" style=\"padding-top:0px;padding-bottom:0px\" id=\"wpv-column-0eb3e4454c9b9a55e4c87e0b5a083650\" ><h3>Die SERAPLANT GMBH macht mit ihrem patentierten Phosphorrecycling-Verfahren bisher verlorene N\u00e4hrstoffe nutzbar und leistet damit einen wichtigen Beitrag zum Umweltschutz und zur Schonung wertvoller Rohstoffressourcen. Die neu entwickelte SERAPLANT-Methode hilft, ein massives Umweltproblem zu l\u00f6sen und tr\u00e4gt ma\u00dfgeblich zur Steigerung der Phosphoreffizienz in der Landwirtschaft bei.<\/h3>\n<h3>Schon jetzt werden die gesetzlichen Anforderungen erf\u00fcllt, die ab 2029 die R\u00fcckgewinnung von Phosphor aus kommunalem Kl\u00e4rschlamm vorschreiben.<\/h3><\/div><\/div>\n<div class=\"sep\"><\/div>\n<div class=\"row \"><div class=\"wpv-grid grid-2-5  wpv-first-level first unextended\" style=\"padding-top:0px;padding-bottom:0px\" id=\"wpv-column-7505e28eb754eebfdde86d035efe4511\" ><div class=\"row \"><div class=\"wpv-grid grid-5-6  first unextended\" style=\"padding-top:0px;padding-bottom:0px\" id=\"wpv-column-487b3a007eeb6fef9c12f2520567a653\" ><h3 style=\"padding-left: 10px;\">CHRONIK<\/h3>\n<hr \/>\n<h3 style=\"padding-left: 10px;\"><span class=\"accent-1\">\u2013 2016<\/span> Gr\u00fcndung<\/h3>\n<p>Gr\u00fcndung der Seraplant GmbH in Haldensleben<\/p>\n<div class=\"push\" style='height:20px'><\/div>\n<h3 style=\"padding-left: 10px;\"><span class=\"accent-1\">\u2013 2021<\/span> Inbetriebnahme<\/h3>\n<p>Nach 20-monatiger Bauzeit Inbetriebnahme M\u00e4rz 2021<\/p>\n<p style=\"padding-left: 10px;\"><div class=\"push\" style='height:20px'><\/div>\n<h3 style=\"padding-left: 10px;\"><span class=\"accent-1\">\u2013 2023<\/span> Eigent\u00fcmerwechsel<\/h3>\n<p>September Seraplant Germany GmbH neuer Eigent\u00fcmer<\/p>\n<p><span style=\"line-height: 1.5;\"><div class=\"push\" style='height:20px'><\/div><\/span><\/p>\n<h3 style=\"padding-left: 10px;\"><span class=\"accent-1\">\u2013 2025<\/span> Projektarbeit<\/h3>\n<p>Projekt \u201eCE Zulassung D\u00fcngemittel auf Kl\u00e4rschlammbasis<\/div><\/div><\/div>\n<div class=\"wpv-grid grid-1-3  wpv-first-level unextended\" style=\"padding-top:0px;padding-bottom:0px\" id=\"wpv-column-1c08511786837910cc74ec7bee6f705e\" ><div class=\"row \"><div class=\"wpv-grid grid-5-6  first unextended\" style=\"padding-top:0px;padding-bottom:0px\" id=\"wpv-column-bfceebc31346b55a42dd8f12692ab51c\" ><div class=\"row \"><div class=\"wpv-grid grid-1-1  first unextended\" style=\"padding-top:0px;padding-bottom:0px\" id=\"wpv-column-a10555a981964370ca1d3d0c010c3f11\" ><h3>KERNKOMPETENZEN<\/h3>\n<hr \/>\n<p><strong>Innovatives Phosphorrecycling f\u00fcr eine nachhaltige Zukunft<\/strong><\/p>\n<p>Die SERAPLANT GmbH hat ein hocheffizientes Verfahren entwickelt, das Phosphorrecycling mit der D\u00fcngerherstellung verbindet. Das patentierte Verfahren schlie\u00dft die L\u00fccke im Phosphorkreislauf und erm\u00f6glicht die direkte Herstellung vertriebsf\u00e4higer Produkte.<\/p>\n<p><strong>Effizient, wirtschaftlich und umweltfreundlich<\/strong><\/p>\n<p>Dieses Verfahren ist einfach, wirtschaftlich, \u00f6kologisch und flexibel. Es erm\u00f6glicht die Produktion verschiedener standardisierter D\u00fcngemittelgranulate aus phosphorhaltigen Sekund\u00e4rrohstoffen. Die hochwertigen Qualit\u00e4ts-D\u00fcngemittel sind am Markt stark nachgefragt und eignen sich f\u00fcr die Land- und Forstwirtschaft sowie den Gartenbau.<\/p>\n<p><strong>Flexible Produktion f\u00fcr vielf\u00e4ltige Anwendungen<\/strong><\/p>\n<p>In nur einer Produktionsanlage k\u00f6nnen Phosphatd\u00fcnger sowie Mehrn\u00e4hrstoffd\u00fcnger (NP, PK, NPK) hergestellt werden \u2013 durch unkomplizierte Anpassung der Rezepturen. Die anschlie\u00dfende Spr\u00fchgranulation in der Wirbelschicht erlaubt das Einstellen der gew\u00fcnschten Granulateigenschaften dieser unterschiedlichen Zusammensetzungen.<\/p>\n<p><strong>Nachhaltige Wirtschaftlichkeit durch skalierbare Prozesse<\/strong><\/p>\n<p>Der gesamte Prozess l\u00e4sst sich m\u00fchelos und komfortabel steuern und ist flexibel an die gew\u00fcnschte Produktionskapazit\u00e4t sowie das verf\u00fcgbare Aufkommen an Kl\u00e4rschlammasche skalierbar. Diese Flexibilit\u00e4t sichert eine nachhaltige Wirtschaftlichkeit, selbst in sehr volatilen Rohstoff- und Produktm\u00e4rkten.<\/div><\/div>\n<div class=\"push\" style='height:30px'><\/div><\/div><\/div>\n<div class=\"row \"><div class=\"wpv-grid grid-5-6  first unextended\" style=\"padding-top:0px;padding-bottom:0px\" id=\"wpv-column-b832f9d9d98d4b663777f9025c0dc13c\" ><div class=\"row \"><div class=\"wpv-grid grid-1-1  first unextended\" style=\"padding-top:0px;padding-bottom:0px\" id=\"wpv-column-3e561502f3bf03111886cf948b3d7ad6\" ><h3>ZERTIFIZIERUNGEN<\/h3>\n<ul>\n<li>Entsorgungsfachbetrieb<\/li>\n<\/ul><\/div><\/div><\/div><\/div><\/div>\n<div class=\"wpv-grid grid-1-4  wpv-first-level unextended\" style=\"padding-top:0px;padding-bottom:0px\" id=\"wpv-column-7321af3a8c9caa8657b9be90930ea120\" ><div class=\"row \"><div class=\"wpv-grid grid-1-1  first has-background unextended\" style=\"background-color:#f0f0f0;padding-top:0px;padding-bottom:0px\" id=\"wpv-column-8f6e32f9711a25a9bfd6cfc53613ce85\" ><style>#wpv-column-8f6e32f9711a25a9bfd6cfc53613ce85 p,#wpv-column-8f6e32f9711a25a9bfd6cfc53613ce85 em,#wpv-column-8f6e32f9711a25a9bfd6cfc53613ce85 .column-title,#wpv-column-8f6e32f9711a25a9bfd6cfc53613ce85 .sep-text h2.regular-title-wrapper,#wpv-column-8f6e32f9711a25a9bfd6cfc53613ce85 .text-divider-double,#wpv-column-8f6e32f9711a25a9bfd6cfc53613ce85 .sep-text .sep-text-line,#wpv-column-8f6e32f9711a25a9bfd6cfc53613ce85 .sep,#wpv-column-8f6e32f9711a25a9bfd6cfc53613ce85 .sep-2,#wpv-column-8f6e32f9711a25a9bfd6cfc53613ce85 .sep-3,#wpv-column-8f6e32f9711a25a9bfd6cfc53613ce85 td,#wpv-column-8f6e32f9711a25a9bfd6cfc53613ce85 th,#wpv-column-8f6e32f9711a25a9bfd6cfc53613ce85 caption{color:#717171;}#wpv-column-8f6e32f9711a25a9bfd6cfc53613ce85:before{background-color:transparent;}<\/style><div class=\"row \"><div class=\"wpv-grid grid-1-1  first unextended\" style=\"padding-top:0px;padding-bottom:0px\" id=\"wpv-column-d9b15f1b5497d26dd568d7ffd25b6574\" ><\/div><\/div>\n\n<div class=\"contact_info_wrap\">\n\t\t\t<p><span class='icon shortcode   use-hover' style='color:#4a4f55;'>&#57610;<\/span>Seraplant GmbH<\/p>\n\t\n\t\t\t<p><a href=\"tel:+49 (0) 3904\/49887-0\" title=\"Call Seraplant GmbH\"><span class='icon shortcode theme  use-hover' style='color:#4a4f55;'>&#57382;<\/span>+49 (0) 3904\/49887-0<\/a><\/p>\n\t\n\t\n\t\t\t<p><a href=\"mailto:info@seraplant.com\" ><span class='icon shortcode theme  use-hover' style='color:#4a4f55;'>&#57353;<\/span>info@seraplant.com<\/a><\/p>\n\t\n\t\t\t<p><span class=\"contact_address\"><span class='icon shortcode theme  use-hover' style='color:#4a4f55;'>&#57367;<\/span>Am S\u00fcdhafen 3<\/p>\n<p>39340 Haldensleben<\/span><\/p>\n\t\n<\/div>\n\n<div class=\"row \"><div class=\"wpv-grid grid-1-1  first unextended\" style=\"padding-top:0px;padding-bottom:0px\" id=\"wpv-column-20f5ce743e77dc61c22448e01df2ad8a\" ><\/div><\/div>\n<p><a href=\"http:\/\/seraplant.de\/\" target=\"_blank\" rel=\"noopener noreferrer\">www.seraplant.de<\/a><\/div><\/div>\n<div class=\"row \"><div class=\"wpv-grid grid-1-1  first unextended\" style=\"padding-top:0px;padding-bottom:0px\" id=\"wpv-column-f80d83d7d01d851420f8211d752da59a\" ><div class=\"row \"><div class=\"wpv-grid grid-1-1  first unextended\" style=\"padding-top:0px;padding-bottom:0px\" id=\"wpv-column-487c2285294973bd76d8691c511bd3d1\" ><p><a href=\"https:\/\/www.netvert-verbund.de\/wp-content\/uploads\/2017\/03\/netvert_karte_gelb.png\"><img loading=\"lazy\" decoding=\"async\" class=\"alignnone wp-image-10002 size-full\" src=\"https:\/\/www.netvert-verbund.de\/wp-content\/uploads\/2017\/03\/netvert_karte_gelb.png\" width=\"225\" height=\"302\" srcset=\"https:\/\/netvert-verbund.de\/wp-content\/uploads\/2017\/03\/netvert_karte_gelb.png 225w, https:\/\/netvert-verbund.de\/wp-content\/uploads\/2017\/03\/netvert_karte_gelb-224x300.png 224w\" sizes=\"(max-width: 225px) 100vw, 225px\" \/><\/a><\/div><\/div><\/div><\/div><\/div><\/div>\n<div class=\"row \"><div class=\"wpv-grid grid-1-1  wpv-first-level first unextended\" style=\"padding-top:0px;padding-bottom:0px\" id=\"wpv-column-631cd8f4ffbb3fab411c58ff882dffd5\" >\t\t<div class=\"sep-text single centered\">\n\t\t\t\t\t\t\t<span class=\"sep-text-before\"><div class=\"sep-text-line\"><\/div><\/span>\n\t\t\t\t\t\t<div class=\"content\">\n\t\t\t\t<h2 class=\"text-divider-double\">Die Seraplant GmbH in Bildern<\/h2>\t\t\t<\/div>\n\t\t\t<span class=\"sep-text-after\"><div class=\"sep-text-line\"><\/div><\/span>\n\t\t\t\t\t<\/div>\n\t\n<section class=\"portfolios normal clearfix title-below has-description \" id=\"69e8d010c06f3\">\n\t\t<div class=\"portfolio-items vamtam-cubeportfolio cbp portfolio-items \" data-columns=\"2\" data-options=\"{&quot;layoutMode&quot;:&quot;grid&quot;,&quot;defaultFilter&quot;:&quot;*&quot;,&quot;animationType&quot;:&quot;slideDelay&quot;,&quot;gapHorizontal&quot;:30,&quot;gapVertical&quot;:30,&quot;gridAdjustment&quot;:&quot;responsive&quot;,&quot;mediaQueries&quot;:[{&quot;width&quot;:555,&quot;cols&quot;:2},{&quot;width&quot;:262.5,&quot;cols&quot;:1}],&quot;displayType&quot;:&quot;bottomToTop&quot;,&quot;displayTypeSpeed&quot;:100,&quot;showPagination&quot;:false}\" data-hidden-by-filters=\"New items were loaded, but they are hidden because of your choice of filters\">\n\t\t<div data-id=\"10042\" data-type=\"prawerc-gmbh\" class=\"has-title has-description grid-1-2 has-button state-closed vamtam-project cbp-item\" style=\"width: 50%\">\n\t<div class=\"portfolio-item-wrapper\">\n\t\t\t\t<div class=\"portfolio-image\">\n\t\t\t<div class=\"thumbnail\" style=\"max-height:400px\">\n\t\t\t\t\t\t\t\t\t\t<a href=\"https:\/\/netvert-verbund.de\/wp-content\/uploads\/2025\/10\/Mitarbeiter-Seraplant.png\" class=\"meta  vamtam-lightbox\"  rel=\"portfolio_28\">\n\t\t\t\t\t\t\t<img loading=\"lazy\" decoding=\"async\" width=\"555\" height=\"370\" src=\"https:\/\/netvert-verbund.de\/wp-content\/uploads\/2025\/10\/Mitarbeiter-Seraplant-555x370.png\" class=\"attachment-portfolio-loop-2 size-portfolio-loop-2 wp-post-image\" alt=\"\" srcset=\"https:\/\/netvert-verbund.de\/wp-content\/uploads\/2025\/10\/Mitarbeiter-Seraplant-555x370.png 555w, https:\/\/netvert-verbund.de\/wp-content\/uploads\/2025\/10\/Mitarbeiter-Seraplant-300x200.png 300w, https:\/\/netvert-verbund.de\/wp-content\/uploads\/2025\/10\/Mitarbeiter-Seraplant-1024x681.png 1024w, https:\/\/netvert-verbund.de\/wp-content\/uploads\/2025\/10\/Mitarbeiter-Seraplant-1140x760.png 1140w, https:\/\/netvert-verbund.de\/wp-content\/uploads\/2025\/10\/Mitarbeiter-Seraplant-360x240.png 360w, https:\/\/netvert-verbund.de\/wp-content\/uploads\/2025\/10\/Mitarbeiter-Seraplant-262x175.png 262w, https:\/\/netvert-verbund.de\/wp-content\/uploads\/2025\/10\/Mitarbeiter-Seraplant.png 1368w\" sizes=\"(min-width: 900px) 50vw, 100vw\" \/>\t\t\t\t\t\t<\/a>\n\t\t\t\t\t\t\t<\/div><!-- \/ .thumbnail -->\n\t\t<\/div>\n\n\t\t\t\t\t<div class=\"portfolio_details\">\n\t\t\t\t\t\t\t\t\t<h3 class=\"title\">\n\t\t\t\t\t\t<a href=\"https:\/\/netvert-verbund.de\/index.php\/portfolio\/produktion\/\" class=\"entry-title\">Produktion<\/a>\n\t\t\t\t\t<\/h3>\n\t\t\t\t\t\t\t\t\t\t\t\t\t<div class=\"excerpt\"><p>Mit dem neu entwickelten SERAPLANT-Phosphorrecycling-Verfahren werden bisher verlorene N\u00e4hrstoffe nutzbar gemacht und ein wesentlicher Beitrag zum Umweltschutz sowie zur Schonung wertvoller Rohstoffe geleistet. Diese zukunftsweisende Technologie l\u00f6st ein massives Umweltproblem und steigert gleichzeitig die Phosphoreffizienz in der Landwirtschaft.<\/p>\n<\/div>\n\t\t\t\t\t\t\t<\/div>\n\t\t\t<\/div>\n<\/div><div data-id=\"10041\" data-type=\"prawerc-gmbh\" class=\"has-title has-description grid-1-2 has-button state-closed vamtam-project cbp-item\" style=\"width: 50%\">\n\t<div class=\"portfolio-item-wrapper\">\n\t\t\t\t<div class=\"portfolio-image\">\n\t\t\t<div class=\"thumbnail\" style=\"max-height:400px\">\n\t\t\t\t\t\t\t\t\t\t<a href=\"https:\/\/netvert-verbund.de\/wp-content\/uploads\/2017\/03\/Duenger-P38.png\" class=\"meta  vamtam-lightbox\"  rel=\"portfolio_28\">\n\t\t\t\t\t\t\t<img loading=\"lazy\" decoding=\"async\" width=\"555\" height=\"370\" src=\"https:\/\/netvert-verbund.de\/wp-content\/uploads\/2017\/03\/Duenger-P38-555x370.png\" class=\"attachment-portfolio-loop-2 size-portfolio-loop-2 wp-post-image\" alt=\"\" srcset=\"https:\/\/netvert-verbund.de\/wp-content\/uploads\/2017\/03\/Duenger-P38-555x370.png 555w, https:\/\/netvert-verbund.de\/wp-content\/uploads\/2017\/03\/Duenger-P38-360x240.png 360w, https:\/\/netvert-verbund.de\/wp-content\/uploads\/2017\/03\/Duenger-P38-262x175.png 262w\" sizes=\"(min-width: 900px) 50vw, 100vw\" \/>\t\t\t\t\t\t<\/a>\n\t\t\t\t\t\t\t<\/div><!-- \/ .thumbnail -->\n\t\t<\/div>\n\n\t\t\t\t\t<div class=\"portfolio_details\">\n\t\t\t\t\t\t\t\t\t<h3 class=\"title\">\n\t\t\t\t\t\t<a href=\"https:\/\/netvert-verbund.de\/index.php\/portfolio\/duengerp38\/\" class=\"entry-title\">D\u00fcnger P38<\/a>\n\t\t\t\t\t<\/h3>\n\t\t\t\t\t\t\t\t\t\t\t\t\t<div class=\"excerpt\"><p>SERAPLANT\u00ae P 38 ist ein braunes bis rotbraunes Produkt von leichtem charakteristischem Geruch. Es wird als D\u00fcngemittel zur Versorgung der Pflanzen mit Phosphor eingesetzt.<\/p>\n<\/div>\n\t\t\t\t\t\t\t<\/div>\n\t\t\t<\/div>\n<\/div><div data-id=\"10038\" data-type=\"prawerc-gmbh\" class=\"has-title has-description grid-1-2 has-button state-closed vamtam-project cbp-item\" style=\"width: 50%\">\n\t<div class=\"portfolio-item-wrapper\">\n\t\t\t\t<div class=\"portfolio-image\">\n\t\t\t<div class=\"thumbnail\" style=\"max-height:400px\">\n\t\t\t\t\t\t\t\t\t\t<a href=\"https:\/\/netvert-verbund.de\/wp-content\/uploads\/2025\/10\/Aussenansicht-Seraplant-scaled.jpg\" class=\"meta  vamtam-lightbox\"  rel=\"portfolio_28\">\n\t\t\t\t\t\t\t<img loading=\"lazy\" decoding=\"async\" width=\"555\" height=\"370\" src=\"https:\/\/netvert-verbund.de\/wp-content\/uploads\/2025\/10\/Aussenansicht-Seraplant-555x370.jpg\" class=\"attachment-portfolio-loop-2 size-portfolio-loop-2 wp-post-image\" alt=\"\" srcset=\"https:\/\/netvert-verbund.de\/wp-content\/uploads\/2025\/10\/Aussenansicht-Seraplant-555x370.jpg 555w, https:\/\/netvert-verbund.de\/wp-content\/uploads\/2025\/10\/Aussenansicht-Seraplant-300x200.jpg 300w, https:\/\/netvert-verbund.de\/wp-content\/uploads\/2025\/10\/Aussenansicht-Seraplant-1024x683.jpg 1024w, https:\/\/netvert-verbund.de\/wp-content\/uploads\/2025\/10\/Aussenansicht-Seraplant-1536x1024.jpg 1536w, https:\/\/netvert-verbund.de\/wp-content\/uploads\/2025\/10\/Aussenansicht-Seraplant-2048x1365.jpg 2048w, https:\/\/netvert-verbund.de\/wp-content\/uploads\/2025\/10\/Aussenansicht-Seraplant-1140x760.jpg 1140w, https:\/\/netvert-verbund.de\/wp-content\/uploads\/2025\/10\/Aussenansicht-Seraplant-360x240.jpg 360w, https:\/\/netvert-verbund.de\/wp-content\/uploads\/2025\/10\/Aussenansicht-Seraplant-262x175.jpg 262w\" sizes=\"(min-width: 900px) 50vw, 100vw\" \/>\t\t\t\t\t\t<\/a>\n\t\t\t\t\t\t\t<\/div><!-- \/ .thumbnail -->\n\t\t<\/div>\n\n\t\t\t\t\t<div class=\"portfolio_details\">\n\t\t\t\t\t\t\t\t\t<h3 class=\"title\">\n\t\t\t\t\t\t<a href=\"https:\/\/netvert-verbund.de\/index.php\/portfolio\/aussenansicht\/\" class=\"entry-title\">Au\u00dfenansicht<\/a>\n\t\t\t\t\t<\/h3>\n\t\t\t\t\t\t\t\t\t\t\t\t\t<div class=\"excerpt\"><p>In 2020\/2021 hat die SERAPLANT GmbH eine hochmoderne industrielle Produktionsst\u00e4tte f\u00fcr Phosphatd\u00fcngemittel errichtet \u2013 basierend auf einer innovativen Phosphorrecycling-Technologie aus Kl\u00e4rschlamm.<\/p>\n<\/div>\n\t\t\t\t\t\t\t<\/div>\n\t\t\t<\/div>\n<\/div><div data-id=\"10037\" data-type=\"prawerc-gmbh\" class=\"has-title has-description grid-1-2 has-button state-closed vamtam-project cbp-item\" style=\"width: 50%\">\n\t<div class=\"portfolio-item-wrapper\">\n\t\t\t\t<div class=\"portfolio-image\">\n\t\t\t<div class=\"thumbnail\" style=\"max-height:400px\">\n\t\t\t\t\t\t\t\t\t\t<a href=\"https:\/\/netvert-verbund.de\/wp-content\/uploads\/2025\/10\/Seraplant-innen.png\" class=\"meta  vamtam-lightbox\"  rel=\"portfolio_28\">\n\t\t\t\t\t\t\t<img loading=\"lazy\" decoding=\"async\" width=\"555\" height=\"370\" src=\"https:\/\/netvert-verbund.de\/wp-content\/uploads\/2025\/10\/Seraplant-innen-555x370.png\" class=\"attachment-portfolio-loop-2 size-portfolio-loop-2 wp-post-image\" alt=\"\" srcset=\"https:\/\/netvert-verbund.de\/wp-content\/uploads\/2025\/10\/Seraplant-innen-555x370.png 555w, https:\/\/netvert-verbund.de\/wp-content\/uploads\/2025\/10\/Seraplant-innen-300x201.png 300w, https:\/\/netvert-verbund.de\/wp-content\/uploads\/2025\/10\/Seraplant-innen-1024x685.png 1024w, https:\/\/netvert-verbund.de\/wp-content\/uploads\/2025\/10\/Seraplant-innen-1140x760.png 1140w, https:\/\/netvert-verbund.de\/wp-content\/uploads\/2025\/10\/Seraplant-innen-360x240.png 360w, https:\/\/netvert-verbund.de\/wp-content\/uploads\/2025\/10\/Seraplant-innen-262x175.png 262w, https:\/\/netvert-verbund.de\/wp-content\/uploads\/2025\/10\/Seraplant-innen.png 1363w\" sizes=\"(min-width: 900px) 50vw, 100vw\" \/>\t\t\t\t\t\t<\/a>\n\t\t\t\t\t\t\t<\/div><!-- \/ .thumbnail -->\n\t\t<\/div>\n\n\t\t\t\t\t<div class=\"portfolio_details\">\n\t\t\t\t\t\t\t\t\t<h3 class=\"title\">\n\t\t\t\t\t\t<a href=\"https:\/\/netvert-verbund.de\/index.php\/portfolio\/innenansicht\/\" class=\"entry-title\">Innenansicht<\/a>\n\t\t\t\t\t<\/h3>\n\t\t\t\t\t\t\t\t\t\t\t\t\t<div class=\"excerpt\"><p>Mit unserer mit Siemens-Technik zyklengesteuerter Boehringer DUS 800 und Boehringer DUS 560 \u00fcbernehmen wir zuverl\u00e4ssig und kompetent Bearbeitungsaufgaben bis zu einem Durchmesser von 800 mm und einer L\u00e4nge von 2000 mm.<\/p>\n<\/div>\n\t\t\t\t\t\t\t<\/div>\n\t\t\t<\/div>\n<\/div>\t<\/div>\n\t<\/section>\n\n<\/div><\/div>\n","protected":false},"excerpt":{"rendered":"","protected":false},"author":6,"featured_media":0,"parent":0,"menu_order":0,"comment_status":"closed","ping_status":"closed","template":"","meta":{"footnotes":""},"_links":{"self":[{"href":"https:\/\/netvert-verbund.de\/index.php\/wp-json\/wp\/v2\/pages\/9982"}],"collection":[{"href":"https:\/\/netvert-verbund.de\/index.php\/wp-json\/wp\/v2\/pages"}],"about":[{"href":"https:\/\/netvert-verbund.de\/index.php\/wp-json\/wp\/v2\/types\/page"}],"author":[{"embeddable":true,"href":"https:\/\/netvert-verbund.de\/index.php\/wp-json\/wp\/v2\/users\/6"}],"replies":[{"embeddable":true,"href":"https:\/\/netvert-verbund.de\/index.php\/wp-json\/wp\/v2\/comments?post=9982"}],"version-history":[{"count":22,"href":"https:\/\/netvert-verbund.de\/index.php\/wp-json\/wp\/v2\/pages\/9982\/revisions"}],"predecessor-version":[{"id":10393,"href":"https:\/\/netvert-verbund.de\/index.php\/wp-json\/wp\/v2\/pages\/9982\/revisions\/10393"}],"wp:attachment":[{"href":"https:\/\/netvert-verbund.de\/index.php\/wp-json\/wp\/v2\/media?parent=9982"}],"curies":[{"name":"wp","href":"https:\/\/api.w.org\/{rel}","templated":true}]}}