{"id":9983,"date":"2017-03-07T10:16:50","date_gmt":"2017-03-07T10:16:50","guid":{"rendered":"http:\/\/www.netvert-verbund.de\/?page_id=9983"},"modified":"2017-03-14T12:55:25","modified_gmt":"2017-03-14T12:55:25","slug":"mfg-mons-ferreus-gmbh","status":"publish","type":"page","link":"https:\/\/netvert-verbund.de\/index.php\/mfg-mons-ferreus-gmbh\/","title":{"rendered":"MFG Mons Ferreus GmbH"},"content":{"rendered":"<div class=\"row \"><div class=\"wpv-grid grid-1-1  wpv-first-level first unextended\" style=\"padding-top:0px;padding-bottom:0px\" id=\"wpv-column-ead2cf3266beddd8fce23a14cbfbff1b\" ><h3><span class=\"accent-1\">Die\u00a0MFG\u00a0Mons Ferreus GmbH\u00a0ist eine unternehmergef\u00fchrte Beratungs- und Beteiligungsgesellschaft. Mit Kompetenz und Engagement ber\u00e4t die MFG ihre Mandanten und Partner in allen Fragen der Unternehmensf\u00fchrung und der strategischen Entwicklung. Gleichzeitig engagiert sich\u00a0die MFG im Bereich\u00a0Beteiligungen und der Darlehensvergabe.<\/span><\/h3><\/div><\/div>\n<div class=\"sep\"><\/div>\n<div class=\"row \"><div class=\"wpv-grid grid-1-3  wpv-first-level first unextended\" style=\"padding-top:0px;padding-bottom:0px\" id=\"wpv-column-28b293af3ab3e351fca5a7ff302fc223\" ><div class=\"row \"><div class=\"wpv-grid grid-5-6  first unextended\" style=\"padding-top:0px;padding-bottom:0px\" id=\"wpv-column-43d41db17368a5b756a3c59a8a19bb2a\" ><div class=\"row \"><div class=\"wpv-grid grid-1-1  first unextended\" style=\"padding-top:0px;padding-bottom:0px\" id=\"wpv-column-fd02de4f7f95b56ffa2052dcf6253f9a\" ><h3>UNSER MA\u00dfSTAB:<\/h3>\n<hr \/>\n<ul>\n<li>Transparenz hinsichtlich Zielen und Zahlen<\/li>\n<li>Schlanke Kosten- und Overheadstrukturen<\/li>\n<li>Schnelle Umsetzungserfolge<\/li>\n<li>Dezentralisierung entsprechend des Subsidiarit\u00e4tsprinzips<\/li>\n<li>Vermeidung unn\u00f6tiger Schnittstellen<\/li>\n<li>Strategische Weiterentwicklung durch organisches Wachstum und Zuk\u00e4ufe<\/li>\n<\/ul><\/div><\/div><\/div><\/div><\/div>\n<div class=\"wpv-grid grid-1-3  wpv-first-level unextended\" style=\"padding-top:0px;padding-bottom:0px\" id=\"wpv-column-0db24b74559511956bdec9eec9f20ea9\" ><div class=\"row \"><div class=\"wpv-grid grid-1-1  first unextended\" style=\"padding-top:0px;padding-bottom:0px\" id=\"wpv-column-27804cf0a91fdefafe2fbc440888666a\" ><p><a href=\"https:\/\/www.netvert-verbund.de\/wp-content\/uploads\/2017\/03\/netvert_karte_gruen.png\"><img loading=\"lazy\" decoding=\"async\" class=\"alignnone wp-image-10000 size-full\" src=\"https:\/\/www.netvert-verbund.de\/wp-content\/uploads\/2017\/03\/netvert_karte_gruen.png\" width=\"250\" height=\"335\" srcset=\"https:\/\/netvert-verbund.de\/wp-content\/uploads\/2017\/03\/netvert_karte_gruen.png 250w, https:\/\/netvert-verbund.de\/wp-content\/uploads\/2017\/03\/netvert_karte_gruen-224x300.png 224w\" sizes=\"(max-width: 250px) 100vw, 250px\" \/><\/a><\/div><\/div><\/div>\n<div class=\"wpv-grid grid-1-3  wpv-first-level unextended\" style=\"padding-top:0px;padding-bottom:0px\" id=\"wpv-column-a52737598cc33d5db8c217624a10ae15\" ><div class=\"push\" style='height:30px'><\/div>\n<div class=\"row \"><div class=\"wpv-grid grid-1-1  first has-background unextended\" style=\"background-color:#f0f0f0;padding-top:0px;padding-bottom:0px\" id=\"wpv-column-2a38b690adc6b18ee4432961bfbf931d\" ><style>#wpv-column-2a38b690adc6b18ee4432961bfbf931d p,#wpv-column-2a38b690adc6b18ee4432961bfbf931d em,#wpv-column-2a38b690adc6b18ee4432961bfbf931d .column-title,#wpv-column-2a38b690adc6b18ee4432961bfbf931d .sep-text h2.regular-title-wrapper,#wpv-column-2a38b690adc6b18ee4432961bfbf931d .text-divider-double,#wpv-column-2a38b690adc6b18ee4432961bfbf931d .sep-text .sep-text-line,#wpv-column-2a38b690adc6b18ee4432961bfbf931d .sep,#wpv-column-2a38b690adc6b18ee4432961bfbf931d .sep-2,#wpv-column-2a38b690adc6b18ee4432961bfbf931d .sep-3,#wpv-column-2a38b690adc6b18ee4432961bfbf931d td,#wpv-column-2a38b690adc6b18ee4432961bfbf931d th,#wpv-column-2a38b690adc6b18ee4432961bfbf931d caption{color:#717171;}#wpv-column-2a38b690adc6b18ee4432961bfbf931d:before{background-color:transparent;}<\/style><div class=\"row \"><div class=\"wpv-grid grid-1-1  first unextended\" style=\"padding-top:0px;padding-bottom:0px\" id=\"wpv-column-3e67ff35c4e732fedfa23523cb7f9b5d\" >\n<div class=\"contact_info_wrap\">\n\t\t\t<p><span class='icon shortcode   use-hover' style='color:#4a4f55;'>&#57610;<\/span>MFG Mons Ferreus GmbH<\/p>\n\t\n\t\t\t<p><a href=\"tel:0173 6756710\" title=\"Call MFG Mons Ferreus GmbH\"><span class='icon shortcode theme  use-hover' style='color:#4a4f55;'>&#57382;<\/span>0173 6756710<\/a><\/p>\n\t\n\t\n\t\t\t<p><a href=\"mailto:info@mons-ferreus.de\" ><span class='icon shortcode theme  use-hover' style='color:#4a4f55;'>&#57353;<\/span>info@mons-ferreus.de<\/a><\/p>\n\t\n\t\t\t<p><span class=\"contact_address\"><span class='icon shortcode theme  use-hover' style='color:#4a4f55;'>&#57367;<\/span>Rheinallee 19<br \/>\n53173 Bonn<\/span><\/p>\n\t\n<\/div>\n<\/div><\/div>\n<div class=\"row \"><div class=\"wpv-grid grid-1-1  first unextended\" style=\"padding-top:0px;padding-bottom:0px\" id=\"wpv-column-b5fafca47d85ce83769678e54321388f\" ><p><a href=\"http:\/\/mons-ferreus.de\/\" target=\"_blank\">www.mons-ferreus.de<\/a><\/div><\/div><\/div><\/div><\/div><\/div>\n","protected":false},"excerpt":{"rendered":"<p>Die\u00a0MFG\u00a0Mons Ferreus GmbH\u00a0ist eine unternehmergef\u00fchrte Beratungs- und Beteiligungsgesellschaft. Mit Kompetenz und Engagement ber\u00e4t die MFG ihre Mandanten und Partner in allen Fragen der Unternehmensf\u00fchrung und der strategischen Entwicklung. Gleichzeitig engagiert sich\u00a0die MFG im Bereich\u00a0Beteiligungen und der Darlehensvergabe. UNSER MA\u00dfSTAB: Transparenz hinsichtlich Zielen und Zahlen Schlanke Kosten- und Overheadstrukturen Schnelle Umsetzungserfolge Dezentralisierung entsprechend des Subsidiarit\u00e4tsprinzips Vermeidung&#8230;<\/p>\n","protected":false},"author":6,"featured_media":0,"parent":0,"menu_order":0,"comment_status":"closed","ping_status":"closed","template":"","meta":{"footnotes":""},"_links":{"self":[{"href":"https:\/\/netvert-verbund.de\/index.php\/wp-json\/wp\/v2\/pages\/9983"}],"collection":[{"href":"https:\/\/netvert-verbund.de\/index.php\/wp-json\/wp\/v2\/pages"}],"about":[{"href":"https:\/\/netvert-verbund.de\/index.php\/wp-json\/wp\/v2\/types\/page"}],"author":[{"embeddable":true,"href":"https:\/\/netvert-verbund.de\/index.php\/wp-json\/wp\/v2\/users\/6"}],"replies":[{"embeddable":true,"href":"https:\/\/netvert-verbund.de\/index.php\/wp-json\/wp\/v2\/comments?post=9983"}],"version-history":[{"count":14,"href":"https:\/\/netvert-verbund.de\/index.php\/wp-json\/wp\/v2\/pages\/9983\/revisions"}],"predecessor-version":[{"id":10073,"href":"https:\/\/netvert-verbund.de\/index.php\/wp-json\/wp\/v2\/pages\/9983\/revisions\/10073"}],"wp:attachment":[{"href":"https:\/\/netvert-verbund.de\/index.php\/wp-json\/wp\/v2\/media?parent=9983"}],"curies":[{"name":"wp","href":"https:\/\/api.w.org\/{rel}","templated":true}]}}