{"id":9984,"date":"2017-03-07T09:45:14","date_gmt":"2017-03-07T09:45:14","guid":{"rendered":"http:\/\/www.netvert-verbund.de\/?page_id=9984"},"modified":"2017-10-17T10:00:07","modified_gmt":"2017-10-17T10:00:07","slug":"maco","status":"publish","type":"page","link":"https:\/\/netvert-verbund.de\/index.php\/maco\/","title":{"rendered":"MACO Vision GmbH"},"content":{"rendered":"<div class=\"row \"><div class=\"wpv-grid grid-1-1  wpv-first-level first unextended\" style=\"padding-top:0px;padding-bottom:0px\" id=\"wpv-column-178d9a35dcd5c3b352ead3b1d2c3f050\" ><h3><span class=\"accent-1\">Die MACO Vision GmbH mit Sitz in Wernigerode ist ein Dienstleister f\u00fcr kleine und mittelst\u00e4ndische Unternehmen. Mit den Units Marketing, Consulting und Vertrieb steuert das Team der Gesellschaft die Visionen ihrer Kunden strategisch zum Erfolg. Seit 2008 haben wir mehr als 1.800 Kundenprojekte erfolgreich umgesetzt. Das betrifft die Bereiche Branding, Corporate Design, Illustration, Public Relations, Sponsoring, Fundraising, Webentwicklung, Consulting und Vertriebsoptimierung. Unser Team besteht aus 7 festen und weiteren freien Mitarbeitern, darunter auch ein Auszubildender der Fachrichtung Mediengestaltung (Konzeption &amp; Visualisierung).<\/span><\/h3><\/div><\/div>\n<div class=\"sep\"><\/div>\n<div class=\"row \"><div class=\"wpv-grid grid-2-5  wpv-first-level first unextended\" style=\"padding-top:0px;padding-bottom:0px\" id=\"wpv-column-d0d9bc9e7c009f1d15717df2e0d97602\" ><div class=\"row \"><div class=\"wpv-grid grid-5-6  first unextended\" style=\"padding-top:0px;padding-bottom:0px\" id=\"wpv-column-63803b0cd2243a9985be469d17f5a72c\" ><h3 style=\"padding-left: 10px;\">CHRONIK<\/h3>\n<hr \/>\n<h3 style=\"padding-left: 10px;\"><span class=\"accent-1\">\u2013 2008<\/span> Gr\u00fcndung<\/h3>\n<p>Firmengr\u00fcndung in Halberstadt, Beginn als PR-Agentur unter dem Namen Fischer PR.<\/p>\n<div class=\"push\" style='height:20px'><\/div>\n<h3 style=\"padding-left: 10px;\"><span class=\"accent-1\">\u2013 2010<\/span> Erweiterung<\/h3>\n<p>Erweiterung des Portfolios und Anstellung zweier zus\u00e4tzlicher Mediengestalter mit dem Namenszusatz Fischer PR &amp; Marketing.<\/p>\n<p style=\"padding-left: 10px;\"><div class=\"push\" style='height:20px'><\/div>\n<h3 style=\"padding-left: 10px;\"><span class=\"accent-1\">\u2013 2012 <\/span>Wachstum<\/h3>\n<p>Erh\u00f6hung des Umsatzes auf 250.000 Euro, was eine weitere Verg\u00f6\u00dferung des Teams auf 5 Mitarbeiter und 2 Azubis mit sich bringt. Erweiterung des Leistungsportfolios und Spezialisieung auf den Bereich Web unter dem Namen FISCHER.Marketingagentur.<\/p>\n<p><span style=\"line-height: 1.5;\"><div class=\"push\" style='height:20px'><\/div><\/span><\/p>\n<h3 style=\"padding-left: 10px;\"><span class=\"accent-1\">\u2013 2014<\/span> Weitere Investitionen<\/h3>\n<p>Erneute Erweiterung des Teams und Ausgr\u00fcndung der MACO Vision GmbH welche die Bereiche Marketing und Cosulting vereint.<\/p>\n<p><span style=\"line-height: 1.5;\"><div class=\"push\" style='height:20px'><\/div><\/span><\/p>\n<h3 style=\"padding-left: 10px;\"><span class=\"accent-1\">\u2013 2015\/2016<\/span> Neue Gesch\u00e4ftsf\u00fchrung und neue Gesellschafter<\/h3>\n<p>Romy Schneevoigt \u00fcbernimmt die alleinige Gesch\u00e4ftsf\u00fchrung und wird mit 60 % Anteilen Mehrheitsgesellschafterin der GmbH.<\/p>\n<p><span style=\"line-height: 1.5;\"><div class=\"push\" style='height:20px'><\/div><\/span><\/p>\n<h3 style=\"padding-left: 10px;\"><span class=\"accent-1\">\u2013 2017 <\/span>Umzug nach Wernigerode<\/h3>\n<p>Die MACO Vision GmbH zieht in die Bunte Stadt am Harz, nach Wernigerode.<\/div><\/div><\/div>\n<div class=\"wpv-grid grid-1-3  wpv-first-level unextended\" style=\"padding-top:0px;padding-bottom:0px\" id=\"wpv-column-29cea6dafd8131ca56a9c4d21aff06b1\" ><div class=\"row \"><div class=\"wpv-grid grid-5-6  first unextended\" style=\"padding-top:0px;padding-bottom:0px\" id=\"wpv-column-2e8e7a6c326ceb16679b9263e05829e8\" ><div class=\"row \"><div class=\"wpv-grid grid-1-1  first unextended\" style=\"padding-top:0px;padding-bottom:0px\" id=\"wpv-column-de7ba72b4b71f7b89cb666293a0c25b8\" ><h3>KERNKOMPETENZEN<\/h3>\n<hr \/>\n<p><strong>DESIGN<\/strong><\/p>\n<ul>\n<li>Image- &amp; Produktkampagnen<\/li>\n<li>Unternehmens- &amp; Produktbroschu\u0308ren<\/li>\n<li>Grafikdesign, Editorialdesign<\/li>\n<li>Fotografie, Illustration, Typografie<\/li>\n<\/ul>\n<p><strong>BRANDING<\/strong><\/p>\n<ul>\n<li>Corporate Identity Konzepte<\/li>\n<li>Naming &amp; Claimentwicklung<\/li>\n<li>Corporate Design<\/li>\n<\/ul>\n<p><strong>CONSULTING<\/strong><\/p>\n<ul>\n<li>Strategie- &amp; Marketingberatung<\/li>\n<li>Wettbewerbs- &amp; Zielgruppenanalysen<\/li>\n<li>Kommunikationsanalysen<\/li>\n<\/ul>\n<p><strong>VERTRIEB<\/strong><\/p>\n<ul>\n<li>\u00d6ffentlichkeitsarbeit und Werbung<\/li>\n<li>Entwicklung optimaler Vertriebstools<\/li>\n<li>Verkaufsf\u00f6rderung<\/li>\n<li>Print- &amp; Onlinekampagnen<\/li>\n<\/ul>\n<p><strong>WEB<\/strong><\/p>\n<ul>\n<li>Konzeption, Entwicklung &amp; Programmierung von responsiven Websites<\/li>\n<li>UX- &amp; Interfacedesign<\/li>\n<li>Content Management- &amp; Shopsysteme<\/li>\n<li>Social Media Networking (SMN)<\/li>\n<\/ul><\/div><\/div>\n<div class=\"push\" style='height:30px'><\/div><\/div><\/div>\n<div class=\"row \"><div class=\"wpv-grid grid-5-6  first unextended\" style=\"padding-top:0px;padding-bottom:0px\" id=\"wpv-column-820b39e6722dbabc13ba509c4c8f953e\" ><div class=\"row \"><div class=\"wpv-grid grid-1-1  first unextended\" style=\"padding-top:0px;padding-bottom:0px\" id=\"wpv-column-acee0bf05cd8861e156d1fa72ccb27b6\" ><h3>IHRE MARKETING-<br \/>\nAGENTUR IM HARZ.<\/h3>\n<p>Wir haben den Anspruch, ganzheitliche L\u00f6sungen anzubieten. Immer im Schulterschluss mit unseren Kunden und auf allen relevanten Kan\u00e4len.<\/p>\n<ul>\n<li>2008 Gegru\u0308ndet<\/li>\n<li>7 Mitarbeiter<\/li>\n<li>\u00dcber 250 zufriedene Kunden<\/li>\n<\/ul><\/div><\/div><\/div><\/div><\/div>\n<div class=\"wpv-grid grid-1-4  wpv-first-level unextended\" style=\"padding-top:0px;padding-bottom:0px\" id=\"wpv-column-607731d113f14b19d767a5e87077b656\" ><div class=\"row \"><div class=\"wpv-grid grid-1-1  first has-background unextended\" style=\"background-color:#f0f0f0;padding-top:0px;padding-bottom:0px\" id=\"wpv-column-55bcb1554284e9b5c5b132a68515c2e9\" ><style>#wpv-column-55bcb1554284e9b5c5b132a68515c2e9 p,#wpv-column-55bcb1554284e9b5c5b132a68515c2e9 em,#wpv-column-55bcb1554284e9b5c5b132a68515c2e9 .column-title,#wpv-column-55bcb1554284e9b5c5b132a68515c2e9 .sep-text h2.regular-title-wrapper,#wpv-column-55bcb1554284e9b5c5b132a68515c2e9 .text-divider-double,#wpv-column-55bcb1554284e9b5c5b132a68515c2e9 .sep-text .sep-text-line,#wpv-column-55bcb1554284e9b5c5b132a68515c2e9 .sep,#wpv-column-55bcb1554284e9b5c5b132a68515c2e9 .sep-2,#wpv-column-55bcb1554284e9b5c5b132a68515c2e9 .sep-3,#wpv-column-55bcb1554284e9b5c5b132a68515c2e9 td,#wpv-column-55bcb1554284e9b5c5b132a68515c2e9 th,#wpv-column-55bcb1554284e9b5c5b132a68515c2e9 caption{color:#717171;}#wpv-column-55bcb1554284e9b5c5b132a68515c2e9:before{background-color:transparent;}<\/style><div class=\"row \"><div class=\"wpv-grid grid-1-1  first unextended\" style=\"padding-top:0px;padding-bottom:0px\" id=\"wpv-column-bd1029c28efa8bf35d9a553e74623b47\" >\n<div class=\"contact_info_wrap\">\n\t\t\t<p><span class='icon shortcode   use-hover' style='color:#4a4f55;'>&#57610;<\/span>MACO Vision GmbH<\/p>\n\t\n\t\t\t<p><a href=\"tel:+49 3943 20966-02\" title=\"Call MACO Vision GmbH\"><span class='icon shortcode theme  use-hover' style='color:#4a4f55;'>&#57382;<\/span>+49 3943 20966-02<\/a><\/p>\n\t\n\t\t\t<p><a href=\"tel:Fax: +49 3943 20966-03\" title=\"Call MACO Vision GmbH\"><span class='icon shortcode theme  use-hover' style='color:#4a4f55;'>&#57361;<\/span>Fax: +49 3943 20966-03<\/a><\/p>\n\t\n\t\t\t<p><a href=\"mailto:info@maco-vision.com\" ><span class='icon shortcode theme  use-hover' style='color:#4a4f55;'>&#57353;<\/span>info@maco-vision.com<\/a><\/p>\n\t\n\t\t\t<p><span class=\"contact_address\"><span class='icon shortcode theme  use-hover' style='color:#4a4f55;'>&#57367;<\/span>Albert-Bartels-Str. 12<br \/>\n38855 Wernigerode<\/span><\/p>\n\t\n<\/div>\n<\/div><\/div>\n<div class=\"row \"><div class=\"wpv-grid grid-1-1  first unextended\" style=\"padding-top:0px;padding-bottom:0px\" id=\"wpv-column-3ad1a58bbaa73da78ff6a8f8c795d1a7\" ><p><a href=\"http:\/\/maco-vision.com\/\" target=\"_blank\">www.maco-vision.com<\/a><\/div><\/div><\/div><\/div>\n<div class=\"row \"><div class=\"wpv-grid grid-1-1  first unextended\" style=\"padding-top:0px;padding-bottom:0px\" id=\"wpv-column-d620114b488e9bf73215929df3ebc4f5\" ><div class=\"row \"><div class=\"wpv-grid grid-1-1  first unextended\" style=\"padding-top:0px;padding-bottom:0px\" id=\"wpv-column-54c20d3ad5be281986b0f416efdf8480\" ><p><a href=\"https:\/\/www.netvert-verbund.de\/wp-content\/uploads\/2017\/03\/netvert_karte_maco.png\"><img loading=\"lazy\" decoding=\"async\" class=\"alignnone wp-image-10004 size-full\" src=\"https:\/\/www.netvert-verbund.de\/wp-content\/uploads\/2017\/03\/netvert_karte_maco.png\" width=\"225\" height=\"302\" srcset=\"https:\/\/netvert-verbund.de\/wp-content\/uploads\/2017\/03\/netvert_karte_maco.png 225w, https:\/\/netvert-verbund.de\/wp-content\/uploads\/2017\/03\/netvert_karte_maco-224x300.png 224w\" sizes=\"(max-width: 225px) 100vw, 225px\" \/><\/a><\/div><\/div><\/div><\/div><\/div><\/div>\n<div class=\"row \"><div class=\"wpv-grid grid-1-1  wpv-first-level first unextended\" style=\"padding-top:0px;padding-bottom:0px\" id=\"wpv-column-5ce689743e38ec2ec23ae8495089fb89\" >\t\t<div class=\"sep-text single centered\">\n\t\t\t\t\t\t\t<span class=\"sep-text-before\"><div class=\"sep-text-line\"><\/div><\/span>\n\t\t\t\t\t\t<div class=\"content\">\n\t\t\t\t<h2 class=\"text-divider-double\">Die MACO Vision GmbH in Bildern<\/h2>\t\t\t<\/div>\n\t\t\t<span class=\"sep-text-after\"><div class=\"sep-text-line\"><\/div><\/span>\n\t\t\t\t\t<\/div>\n\t\n<section class=\"portfolios normal clearfix title-below has-description \" id=\"69e089c86ac2b\">\n\t\t<div class=\"portfolio-items vamtam-cubeportfolio cbp portfolio-items \" data-columns=\"2\" data-options=\"{&quot;layoutMode&quot;:&quot;grid&quot;,&quot;defaultFilter&quot;:&quot;*&quot;,&quot;animationType&quot;:&quot;slideDelay&quot;,&quot;gapHorizontal&quot;:30,&quot;gapVertical&quot;:30,&quot;gridAdjustment&quot;:&quot;responsive&quot;,&quot;mediaQueries&quot;:[{&quot;width&quot;:555,&quot;cols&quot;:2},{&quot;width&quot;:262.5,&quot;cols&quot;:1}],&quot;displayType&quot;:&quot;bottomToTop&quot;,&quot;displayTypeSpeed&quot;:100,&quot;showPagination&quot;:false}\" data-hidden-by-filters=\"New items were loaded, but they are hidden because of your choice of filters\">\n\t\t<div data-id=\"10063\" data-type=\"maco-vision-gmbh\" class=\"has-title has-description grid-1-2 has-button state-closed vamtam-project cbp-item\" style=\"width: 50%\">\n\t<div class=\"portfolio-item-wrapper\">\n\t\t\t\t<div class=\"portfolio-image\">\n\t\t\t<div class=\"thumbnail\" style=\"max-height:400px\">\n\t\t\t\t\t\t\t\t\t\t<a href=\"https:\/\/netvert-verbund.de\/wp-content\/uploads\/2017\/03\/macovision-micronex-bilder_1140x760.jpg\" class=\"meta  vamtam-lightbox\"  rel=\"portfolio_121\">\n\t\t\t\t\t\t\t<img loading=\"lazy\" decoding=\"async\" width=\"555\" height=\"370\" src=\"https:\/\/netvert-verbund.de\/wp-content\/uploads\/2017\/03\/macovision-micronex-bilder_1140x760-555x370.jpg\" class=\"attachment-portfolio-loop-2 size-portfolio-loop-2 wp-post-image\" alt=\"\" srcset=\"https:\/\/netvert-verbund.de\/wp-content\/uploads\/2017\/03\/macovision-micronex-bilder_1140x760-555x370.jpg 555w, https:\/\/netvert-verbund.de\/wp-content\/uploads\/2017\/03\/macovision-micronex-bilder_1140x760-300x200.jpg 300w, https:\/\/netvert-verbund.de\/wp-content\/uploads\/2017\/03\/macovision-micronex-bilder_1140x760-768x512.jpg 768w, https:\/\/netvert-verbund.de\/wp-content\/uploads\/2017\/03\/macovision-micronex-bilder_1140x760-1024x683.jpg 1024w, https:\/\/netvert-verbund.de\/wp-content\/uploads\/2017\/03\/macovision-micronex-bilder_1140x760-600x400.jpg 600w, https:\/\/netvert-verbund.de\/wp-content\/uploads\/2017\/03\/macovision-micronex-bilder_1140x760.jpg 1140w, https:\/\/netvert-verbund.de\/wp-content\/uploads\/2017\/03\/macovision-micronex-bilder_1140x760-360x240.jpg 360w, https:\/\/netvert-verbund.de\/wp-content\/uploads\/2017\/03\/macovision-micronex-bilder_1140x760-262x175.jpg 262w\" sizes=\"(min-width: 900px) 50vw, 100vw\" \/>\t\t\t\t\t\t<\/a>\n\t\t\t\t\t\t\t<\/div><!-- \/ .thumbnail -->\n\t\t<\/div>\n\n\t\t\t\t\t<div class=\"portfolio_details\">\n\t\t\t\t\t\t\t\t\t<h3 class=\"title\">\n\t\t\t\t\t\t<a href=\"https:\/\/netvert-verbund.de\/index.php\/portfolio\/micronex-gmbh\/\" class=\"entry-title\">micronex GmbH<\/a>\n\t\t\t\t\t<\/h3>\n\t\t\t\t\t\t\t\t\t\t\t\t\t<div class=\"excerpt\"><\/div>\n\t\t\t\t\t\t\t<\/div>\n\t\t\t<\/div>\n<\/div><div data-id=\"10062\" data-type=\"maco-vision-gmbh\" class=\"has-title has-description grid-1-2 has-button state-closed vamtam-project cbp-item\" style=\"width: 50%\">\n\t<div class=\"portfolio-item-wrapper\">\n\t\t\t\t<div class=\"portfolio-image\">\n\t\t\t<div class=\"thumbnail\" style=\"max-height:400px\">\n\t\t\t\t\t\t\t\t\t\t<a href=\"https:\/\/netvert-verbund.de\/wp-content\/uploads\/2017\/03\/macovision-metalution-bilder_1140x760.jpg\" class=\"meta  vamtam-lightbox\"  rel=\"portfolio_121\">\n\t\t\t\t\t\t\t<img loading=\"lazy\" decoding=\"async\" width=\"555\" height=\"370\" src=\"https:\/\/netvert-verbund.de\/wp-content\/uploads\/2017\/03\/macovision-metalution-bilder_1140x760-555x370.jpg\" class=\"attachment-portfolio-loop-2 size-portfolio-loop-2 wp-post-image\" alt=\"\" srcset=\"https:\/\/netvert-verbund.de\/wp-content\/uploads\/2017\/03\/macovision-metalution-bilder_1140x760-555x370.jpg 555w, https:\/\/netvert-verbund.de\/wp-content\/uploads\/2017\/03\/macovision-metalution-bilder_1140x760-300x200.jpg 300w, https:\/\/netvert-verbund.de\/wp-content\/uploads\/2017\/03\/macovision-metalution-bilder_1140x760-768x512.jpg 768w, https:\/\/netvert-verbund.de\/wp-content\/uploads\/2017\/03\/macovision-metalution-bilder_1140x760-1024x683.jpg 1024w, https:\/\/netvert-verbund.de\/wp-content\/uploads\/2017\/03\/macovision-metalution-bilder_1140x760-600x400.jpg 600w, https:\/\/netvert-verbund.de\/wp-content\/uploads\/2017\/03\/macovision-metalution-bilder_1140x760.jpg 1140w, https:\/\/netvert-verbund.de\/wp-content\/uploads\/2017\/03\/macovision-metalution-bilder_1140x760-360x240.jpg 360w, https:\/\/netvert-verbund.de\/wp-content\/uploads\/2017\/03\/macovision-metalution-bilder_1140x760-262x175.jpg 262w\" sizes=\"(min-width: 900px) 50vw, 100vw\" \/>\t\t\t\t\t\t<\/a>\n\t\t\t\t\t\t\t<\/div><!-- \/ .thumbnail -->\n\t\t<\/div>\n\n\t\t\t\t\t<div class=\"portfolio_details\">\n\t\t\t\t\t\t\t\t\t<h3 class=\"title\">\n\t\t\t\t\t\t<a href=\"https:\/\/netvert-verbund.de\/index.php\/portfolio\/metalution-gmbh\/\" class=\"entry-title\">metalution GmbH<\/a>\n\t\t\t\t\t<\/h3>\n\t\t\t\t\t\t\t\t\t\t\t\t\t<div class=\"excerpt\"><\/div>\n\t\t\t\t\t\t\t<\/div>\n\t\t\t<\/div>\n<\/div><div data-id=\"10061\" data-type=\"maco-vision-gmbh\" class=\"has-title has-description grid-1-2 has-button state-closed vamtam-project cbp-item\" style=\"width: 50%\">\n\t<div class=\"portfolio-item-wrapper\">\n\t\t\t\t<div class=\"portfolio-image\">\n\t\t\t<div class=\"thumbnail\" style=\"max-height:400px\">\n\t\t\t\t\t\t\t\t\t\t<a href=\"https:\/\/netvert-verbund.de\/wp-content\/uploads\/2017\/03\/macovision-laminatxpress-bilder_1140x760.jpg\" class=\"meta  vamtam-lightbox\"  rel=\"portfolio_121\">\n\t\t\t\t\t\t\t<img loading=\"lazy\" decoding=\"async\" width=\"555\" height=\"370\" src=\"https:\/\/netvert-verbund.de\/wp-content\/uploads\/2017\/03\/macovision-laminatxpress-bilder_1140x760-555x370.jpg\" class=\"attachment-portfolio-loop-2 size-portfolio-loop-2 wp-post-image\" alt=\"\" srcset=\"https:\/\/netvert-verbund.de\/wp-content\/uploads\/2017\/03\/macovision-laminatxpress-bilder_1140x760-555x370.jpg 555w, https:\/\/netvert-verbund.de\/wp-content\/uploads\/2017\/03\/macovision-laminatxpress-bilder_1140x760-300x200.jpg 300w, https:\/\/netvert-verbund.de\/wp-content\/uploads\/2017\/03\/macovision-laminatxpress-bilder_1140x760-768x512.jpg 768w, https:\/\/netvert-verbund.de\/wp-content\/uploads\/2017\/03\/macovision-laminatxpress-bilder_1140x760-1024x683.jpg 1024w, https:\/\/netvert-verbund.de\/wp-content\/uploads\/2017\/03\/macovision-laminatxpress-bilder_1140x760-600x400.jpg 600w, https:\/\/netvert-verbund.de\/wp-content\/uploads\/2017\/03\/macovision-laminatxpress-bilder_1140x760.jpg 1140w, https:\/\/netvert-verbund.de\/wp-content\/uploads\/2017\/03\/macovision-laminatxpress-bilder_1140x760-360x240.jpg 360w, https:\/\/netvert-verbund.de\/wp-content\/uploads\/2017\/03\/macovision-laminatxpress-bilder_1140x760-262x175.jpg 262w\" sizes=\"(min-width: 900px) 50vw, 100vw\" \/>\t\t\t\t\t\t<\/a>\n\t\t\t\t\t\t\t<\/div><!-- \/ .thumbnail -->\n\t\t<\/div>\n\n\t\t\t\t\t<div class=\"portfolio_details\">\n\t\t\t\t\t\t\t\t\t<h3 class=\"title\">\n\t\t\t\t\t\t<a href=\"https:\/\/netvert-verbund.de\/index.php\/portfolio\/laminat-x-press\/\" class=\"entry-title\">Laminat X Press<\/a>\n\t\t\t\t\t<\/h3>\n\t\t\t\t\t\t\t\t\t\t\t\t\t<div class=\"excerpt\"><\/div>\n\t\t\t\t\t\t\t<\/div>\n\t\t\t<\/div>\n<\/div><div data-id=\"10060\" data-type=\"maco-vision-gmbh\" class=\"has-title has-description grid-1-2 has-button state-closed vamtam-project cbp-item\" style=\"width: 50%\">\n\t<div class=\"portfolio-item-wrapper\">\n\t\t\t\t<div class=\"portfolio-image\">\n\t\t\t<div class=\"thumbnail\" style=\"max-height:400px\">\n\t\t\t\t\t\t\t\t\t\t<a href=\"https:\/\/netvert-verbund.de\/wp-content\/uploads\/2017\/03\/macovision-shs-bilder_1140x760.jpg\" class=\"meta  vamtam-lightbox\"  rel=\"portfolio_121\">\n\t\t\t\t\t\t\t<img loading=\"lazy\" decoding=\"async\" width=\"555\" height=\"370\" src=\"https:\/\/netvert-verbund.de\/wp-content\/uploads\/2017\/03\/macovision-shs-bilder_1140x760-555x370.jpg\" class=\"attachment-portfolio-loop-2 size-portfolio-loop-2 wp-post-image\" alt=\"\" srcset=\"https:\/\/netvert-verbund.de\/wp-content\/uploads\/2017\/03\/macovision-shs-bilder_1140x760-555x370.jpg 555w, https:\/\/netvert-verbund.de\/wp-content\/uploads\/2017\/03\/macovision-shs-bilder_1140x760-300x200.jpg 300w, https:\/\/netvert-verbund.de\/wp-content\/uploads\/2017\/03\/macovision-shs-bilder_1140x760-768x512.jpg 768w, https:\/\/netvert-verbund.de\/wp-content\/uploads\/2017\/03\/macovision-shs-bilder_1140x760-1024x683.jpg 1024w, https:\/\/netvert-verbund.de\/wp-content\/uploads\/2017\/03\/macovision-shs-bilder_1140x760-600x400.jpg 600w, https:\/\/netvert-verbund.de\/wp-content\/uploads\/2017\/03\/macovision-shs-bilder_1140x760.jpg 1140w, https:\/\/netvert-verbund.de\/wp-content\/uploads\/2017\/03\/macovision-shs-bilder_1140x760-360x240.jpg 360w, https:\/\/netvert-verbund.de\/wp-content\/uploads\/2017\/03\/macovision-shs-bilder_1140x760-262x175.jpg 262w\" sizes=\"(min-width: 900px) 50vw, 100vw\" \/>\t\t\t\t\t\t<\/a>\n\t\t\t\t\t\t\t<\/div><!-- \/ .thumbnail -->\n\t\t<\/div>\n\n\t\t\t\t\t<div class=\"portfolio_details\">\n\t\t\t\t\t\t\t\t\t<h3 class=\"title\">\n\t\t\t\t\t\t<a href=\"https:\/\/netvert-verbund.de\/index.php\/portfolio\/schlos-hoym-stiftung\/\" class=\"entry-title\">Schlo\u00df Hoym Stiftung<\/a>\n\t\t\t\t\t<\/h3>\n\t\t\t\t\t\t\t\t\t\t\t\t\t<div class=\"excerpt\"><\/div>\n\t\t\t\t\t\t\t<\/div>\n\t\t\t<\/div>\n<\/div>\t<\/div>\n\t<div class=\"wp-pagenavi\"><span class=\"pages\">Page 1 of 2<\/span><span aria-current=\"page\" class=\"page-numbers current\">1<\/span>\n<a class=\"page-numbers\" href=\"https:\/\/netvert-verbund.de\/index.php\/wp-json\/wp\/v2\/pages\/9984\/page\/2\/\">2<\/a>\n<a class=\"next page-numbers\" href=\"https:\/\/netvert-verbund.de\/index.php\/wp-json\/wp\/v2\/pages\/9984\/page\/2\/\">Next<\/a><\/div><\/section>\n\n<\/div><\/div>\n","protected":false},"excerpt":{"rendered":"","protected":false},"author":6,"featured_media":0,"parent":0,"menu_order":0,"comment_status":"closed","ping_status":"closed","template":"","meta":{"footnotes":""},"_links":{"self":[{"href":"https:\/\/netvert-verbund.de\/index.php\/wp-json\/wp\/v2\/pages\/9984"}],"collection":[{"href":"https:\/\/netvert-verbund.de\/index.php\/wp-json\/wp\/v2\/pages"}],"about":[{"href":"https:\/\/netvert-verbund.de\/index.php\/wp-json\/wp\/v2\/types\/page"}],"author":[{"embeddable":true,"href":"https:\/\/netvert-verbund.de\/index.php\/wp-json\/wp\/v2\/users\/6"}],"replies":[{"embeddable":true,"href":"https:\/\/netvert-verbund.de\/index.php\/wp-json\/wp\/v2\/comments?post=9984"}],"version-history":[{"count":18,"href":"https:\/\/netvert-verbund.de\/index.php\/wp-json\/wp\/v2\/pages\/9984\/revisions"}],"predecessor-version":[{"id":10184,"href":"https:\/\/netvert-verbund.de\/index.php\/wp-json\/wp\/v2\/pages\/9984\/revisions\/10184"}],"wp:attachment":[{"href":"https:\/\/netvert-verbund.de\/index.php\/wp-json\/wp\/v2\/media?parent=9984"}],"curies":[{"name":"wp","href":"https:\/\/api.w.org\/{rel}","templated":true}]}}